{"id":4128,"date":"2022-03-28T12:29:38","date_gmt":"2022-03-28T10:29:38","guid":{"rendered":"https:\/\/www.termofrigo.it\/servicios\/disponibilidad-intervencion-inmediata-y-asistencia-24-horas\/"},"modified":"2024-06-21T14:14:52","modified_gmt":"2024-06-21T12:14:52","slug":"disponibilidad-intervencion-inmediata-y-asistencia-24-horas","status":"publish","type":"page","link":"https:\/\/www.termofrigo.it\/es\/servicios\/disponibilidad-intervencion-inmediata-y-asistencia-24-horas\/","title":{"rendered":"Disponibilidad, intervenci\u00f3n inmediata y asistencia 24 horas"},"content":{"rendered":"\t\t<div data-elementor-type=\"wp-page\" data-elementor-id=\"4128\" class=\"elementor elementor-4128 elementor-1345\">\n\t\t\t\t\t\t<section class=\"elementor-section elementor-top-section elementor-element elementor-element-a9d2c74 elementor-reverse-mobile sezione-sfondi elementor-section-height-min-height elementor-section-content-middle elementor-section-boxed elementor-section-height-default elementor-section-items-middle\" data-id=\"a9d2c74\" data-element_type=\"section\" data-settings=\"{&quot;background_background&quot;:&quot;classic&quot;}\">\n\t\t\t\t\t\t\t<div class=\"elementor-background-overlay\"><\/div>\n\t\t\t\t\t\t\t<div class=\"elementor-container elementor-column-gap-default\">\n\t\t\t\t\t<div class=\"elementor-column elementor-col-100 elementor-top-column elementor-element elementor-element-762cc2d elementor-invisible\" data-id=\"762cc2d\" data-element_type=\"column\" data-settings=\"{&quot;animation&quot;:&quot;fadeIn&quot;,&quot;animation_delay&quot;:500,&quot;animation_mobile&quot;:&quot;none&quot;}\">\n\t\t\t<div class=\"elementor-widget-wrap elementor-element-populated\">\n\t\t\t\t\t\t<div class=\"elementor-element elementor-element-13c4ad9 elementor-widget elementor-widget-heading\" data-id=\"13c4ad9\" data-element_type=\"widget\" data-widget_type=\"heading.default\">\n\t\t\t\t<div class=\"elementor-widget-container\">\n\t\t\t<h1 class=\"elementor-heading-title elementor-size-default\">Disponibilidad, intervenci\u00f3n inmediata<br> y asistencia las 24 horas.<\/h1>\t\t<\/div>\n\t\t\t\t<\/div>\n\t\t\t\t<div class=\"elementor-element elementor-element-0e8d4cd elementor-widget elementor-widget-text-editor\" data-id=\"0e8d4cd\" data-element_type=\"widget\" data-widget_type=\"text-editor.default\">\n\t\t\t\t<div class=\"elementor-widget-container\">\n\t\t\t\t\t\t\t<p>El servicio de reperibilidad con personal especializado para enviar las 24 horas del d\u00eda, los 7 d\u00edas de la semana, los 365 d\u00edas del a\u00f1o.<\/p>\n\t\t\t\t\t\t<\/div>\n\t\t\t\t<\/div>\n\t\t\t\t\t<\/div>\n\t\t<\/div>\n\t\t\t\t\t<\/div>\n\t\t<\/section>\n\t\t\t\t<section class=\"elementor-section elementor-top-section elementor-element elementor-element-4535f7d sezione-padding elementor-section-content-middle elementor-section-boxed elementor-section-height-default elementor-section-height-default\" data-id=\"4535f7d\" data-element_type=\"section\" data-settings=\"{&quot;background_background&quot;:&quot;classic&quot;}\">\n\t\t\t\t\t\t\t<div class=\"elementor-background-overlay\"><\/div>\n\t\t\t\t\t\t\t<div class=\"elementor-container elementor-column-gap-default\">\n\t\t\t\t\t<div class=\"elementor-column elementor-col-66 elementor-top-column elementor-element elementor-element-7738b42\" data-id=\"7738b42\" data-element_type=\"column\">\n\t\t\t<div class=\"elementor-widget-wrap elementor-element-populated\">\n\t\t\t\t\t\t<div class=\"elementor-element elementor-element-2ecf6c3 elementor-widget elementor-widget-heading\" data-id=\"2ecf6c3\" data-element_type=\"widget\" data-widget_type=\"heading.default\">\n\t\t\t\t<div class=\"elementor-widget-container\">\n\t\t\t<h3 class=\"elementor-heading-title elementor-size-default\">Servicios completos y de alto valor profesional<\/h3>\t\t<\/div>\n\t\t\t\t<\/div>\n\t\t\t\t<div class=\"elementor-element elementor-element-9ea2758 elementor-widget-divider--view-line elementor-widget elementor-widget-divider\" data-id=\"9ea2758\" data-element_type=\"widget\" data-widget_type=\"divider.default\">\n\t\t\t\t<div class=\"elementor-widget-container\">\n\t\t\t\t\t<div class=\"elementor-divider\">\n\t\t\t<span class=\"elementor-divider-separator\">\n\t\t\t\t\t\t<\/span>\n\t\t<\/div>\n\t\t\t\t<\/div>\n\t\t\t\t<\/div>\n\t\t\t\t<div class=\"elementor-element elementor-element-20eb912 elementor-invisible elementor-widget elementor-widget-text-editor\" data-id=\"20eb912\" data-element_type=\"widget\" data-settings=\"{&quot;_animation&quot;:&quot;fadeIn&quot;,&quot;_animation_delay&quot;:500}\" data-widget_type=\"text-editor.default\">\n\t\t\t\t<div class=\"elementor-widget-container\">\n\t\t\t\t\t\t\t<p>Con el fin de garantizar servicios completos y de alto valor profesional capaces de <strong>satisfacer todas las necesidades<\/strong>, garantizamos un servicio de reperibilidad con personal especializado disponible las <strong>24 horas del d\u00eda, los 7 d\u00edas de la semana, los 365 d\u00edas del a\u00f1o<\/strong>. Nos comprometemos a resolver con rapidez y competencia todas las solicitudes de asistencia y de intervenci\u00f3n inmediata de nuestros clientes.<\/p>\n\t\t\t\t\t\t<\/div>\n\t\t\t\t<\/div>\n\t\t\t\t\t<\/div>\n\t\t<\/div>\n\t\t\t\t<div class=\"elementor-column elementor-col-33 elementor-top-column elementor-element elementor-element-df0166a colonna-hover elementor-invisible\" data-id=\"df0166a\" data-element_type=\"column\" data-settings=\"{&quot;background_background&quot;:&quot;classic&quot;,&quot;animation&quot;:&quot;fadeIn&quot;,&quot;animation_delay&quot;:600,&quot;animation_mobile&quot;:&quot;none&quot;}\">\n\t\t\t<div class=\"elementor-widget-wrap elementor-element-populated\">\n\t\t\t\t\t\t<div class=\"elementor-element elementor-element-25f3a77 riquadro-icona-home elementor-view-default elementor-position-top elementor-mobile-position-top elementor-widget elementor-widget-icon-box\" data-id=\"25f3a77\" data-element_type=\"widget\" data-widget_type=\"icon-box.default\">\n\t\t\t\t<div class=\"elementor-widget-container\">\n\t\t\t\t\t<div class=\"elementor-icon-box-wrapper\">\n\n\t\t\t\t\t\t<div class=\"elementor-icon-box-icon\">\n\t\t\t\t<a href=\"\/termofrigo\/\" class=\"elementor-icon elementor-animation-\" tabindex=\"-1\">\n\t\t\t\t<i aria-hidden=\"true\" class=\"far fa-address-card\"><\/i>\t\t\t\t<\/a>\n\t\t\t<\/div>\n\t\t\t\n\t\t\t\t\t\t<div class=\"elementor-icon-box-content\">\n\n\t\t\t\t\t\t\t\t\t<p class=\"elementor-icon-box-title\">\n\t\t\t\t\t\t<a href=\"\/termofrigo\/\" >\n\t\t\t\t\t\t\tDisponibilidad, intervenci\u00f3n inmediata y asistencia 24 horas\t\t\t\t\t\t<\/a>\n\t\t\t\t\t<\/p>\n\t\t\t\t\n\t\t\t\t\t\t\t\t\t<p class=\"elementor-icon-box-description\">\n\t\t\t\t\t\tServicio de disponibilidad con personal especializado.\t\t\t\t\t<\/p>\n\t\t\t\t\n\t\t\t<\/div>\n\t\t\t\n\t\t<\/div>\n\t\t\t\t<\/div>\n\t\t\t\t<\/div>\n\t\t\t\t\t<\/div>\n\t\t<\/div>\n\t\t\t\t\t<\/div>\n\t\t<\/section>\n\t\t\t\t<section class=\"elementor-section elementor-top-section elementor-element elementor-element-63a47b6 sezione-padding elementor-section-boxed elementor-section-height-default elementor-section-height-default\" data-id=\"63a47b6\" data-element_type=\"section\" data-settings=\"{&quot;background_background&quot;:&quot;classic&quot;}\">\n\t\t\t\t\t\t\t<div class=\"elementor-background-overlay\"><\/div>\n\t\t\t\t\t\t\t<div class=\"elementor-container elementor-column-gap-default\">\n\t\t\t\t\t<div class=\"elementor-column elementor-col-50 elementor-top-column elementor-element elementor-element-4452dd5\" data-id=\"4452dd5\" data-element_type=\"column\">\n\t\t\t<div class=\"elementor-widget-wrap elementor-element-populated\">\n\t\t\t\t\t\t<div class=\"elementor-element elementor-element-105dd46 elementor-widget elementor-widget-heading\" data-id=\"105dd46\" data-element_type=\"widget\" data-widget_type=\"heading.default\">\n\t\t\t\t<div class=\"elementor-widget-container\">\n\t\t\t<p class=\"elementor-heading-title elementor-size-default\">Cont\u00e1ctenos para obtener informaci\u00f3n sobre el dise\u00f1o y la realizaci\u00f3n de sistemas<\/p>\t\t<\/div>\n\t\t\t\t<\/div>\n\t\t\t\t<div class=\"elementor-element elementor-element-002a8ea elementor-widget-divider--view-line elementor-widget elementor-widget-divider\" data-id=\"002a8ea\" data-element_type=\"widget\" data-widget_type=\"divider.default\">\n\t\t\t\t<div class=\"elementor-widget-container\">\n\t\t\t\t\t<div class=\"elementor-divider\">\n\t\t\t<span class=\"elementor-divider-separator\">\n\t\t\t\t\t\t<\/span>\n\t\t<\/div>\n\t\t\t\t<\/div>\n\t\t\t\t<\/div>\n\t\t\t\t<div class=\"elementor-element elementor-element-05c0302 elementor-widget elementor-widget-text-editor\" data-id=\"05c0302\" data-element_type=\"widget\" data-widget_type=\"text-editor.default\">\n\t\t\t\t<div class=\"elementor-widget-container\">\n\t\t\t\t\t\t\t<p>Per cualquier duda o pregunta, escr\u00edbanos; nuestro equipo le responder\u00e1 lo antes posible.<\/p>\n\t\t\t\t\t\t<\/div>\n\t\t\t\t<\/div>\n\t\t\t\t\t<\/div>\n\t\t<\/div>\n\t\t\t\t<div class=\"elementor-column elementor-col-50 elementor-top-column elementor-element elementor-element-7a2e28f elementor-invisible\" data-id=\"7a2e28f\" data-element_type=\"column\" data-settings=\"{&quot;background_background&quot;:&quot;classic&quot;,&quot;animation&quot;:&quot;fadeIn&quot;,&quot;animation_delay&quot;:500}\">\n\t\t\t<div class=\"elementor-widget-wrap elementor-element-populated\">\n\t\t\t\t\t\t<div class=\"elementor-element elementor-element-719cd87 modulo-servizi elementor-button-align-stretch elementor-widget elementor-widget-form\" data-id=\"719cd87\" data-element_type=\"widget\" data-settings=\"{&quot;step_next_label&quot;:&quot;Despu\\u00e9s de usted&quot;,&quot;step_previous_label&quot;:&quot;Hacia atr\\u00e1s&quot;,&quot;button_width&quot;:&quot;100&quot;,&quot;step_type&quot;:&quot;number_text&quot;,&quot;step_icon_shape&quot;:&quot;circle&quot;}\" data-widget_type=\"form.default\">\n\t\t\t\t<div class=\"elementor-widget-container\">\n\t\t\t\t\t<form class=\"elementor-form\" method=\"post\" name=\"Nuevo formulario\">\n\t\t\t<input type=\"hidden\" name=\"post_id\" value=\"4128\"\/>\n\t\t\t<input type=\"hidden\" name=\"form_id\" value=\"719cd87\"\/>\n\t\t\t<input type=\"hidden\" name=\"referer_title\" value=\"Termofrigo\" \/>\n\n\t\t\t\n\t\t\t<div class=\"elementor-form-fields-wrapper elementor-labels-above\">\n\t\t\t\t\t\t\t\t<div class=\"elementor-field-type-text elementor-field-group elementor-column elementor-field-group-name elementor-col-100 elementor-field-required elementor-mark-required\">\n\t\t\t\t\t\t\t\t\t\t\t\t<label for=\"form-field-name\" class=\"elementor-field-label\">\n\t\t\t\t\t\t\t\tNombre\t\t\t\t\t\t\t<\/label>\n\t\t\t\t\t\t\t\t\t\t\t\t\t\t<input size=\"1\" type=\"text\" name=\"form_fields[name]\" id=\"form-field-name\" class=\"elementor-field elementor-size-sm  elementor-field-textual\" placeholder=\"Mario\" required=\"required\" aria-required=\"true\">\n\t\t\t\t\t\t\t\t\t\t\t<\/div>\n\t\t\t\t\t\t\t\t<div class=\"elementor-field-type-email elementor-field-group elementor-column elementor-field-group-email elementor-col-50 elementor-field-required elementor-mark-required\">\n\t\t\t\t\t\t\t\t\t\t\t\t<label for=\"form-field-email\" class=\"elementor-field-label\">\n\t\t\t\t\t\t\t\tEmail\t\t\t\t\t\t\t<\/label>\n\t\t\t\t\t\t\t\t\t\t\t\t\t\t<input size=\"1\" type=\"email\" name=\"form_fields[email]\" id=\"form-field-email\" class=\"elementor-field elementor-size-sm  elementor-field-textual\" placeholder=\"mario.rossi@test.com\" required=\"required\" aria-required=\"true\">\n\t\t\t\t\t\t\t\t\t\t\t<\/div>\n\t\t\t\t\t\t\t\t<div class=\"elementor-field-type-tel elementor-field-group elementor-column elementor-field-group-field_034d102 elementor-col-50 elementor-field-required elementor-mark-required\">\n\t\t\t\t\t\t\t\t\t\t\t\t<label for=\"form-field-field_034d102\" class=\"elementor-field-label\">\n\t\t\t\t\t\t\t\tTel\u00e9fono\t\t\t\t\t\t\t<\/label>\n\t\t\t\t\t\t\t\t<input size=\"1\" type=\"tel\" name=\"form_fields[field_034d102]\" id=\"form-field-field_034d102\" class=\"elementor-field elementor-size-sm  elementor-field-textual\" placeholder=\"00 1234 456\" required=\"required\" aria-required=\"true\" pattern=\"[0-9()#&amp;+*-=.]+\" title=\"Solo se aceptan n\u00fameros y caracteres de tel\u00e9fono (#,-,*,etc).\">\n\n\t\t\t\t\t\t<\/div>\n\t\t\t\t\t\t\t\t<div class=\"elementor-field-type-textarea elementor-field-group elementor-column elementor-field-group-message elementor-col-100\">\n\t\t\t\t\t\t\t\t\t\t\t\t<label for=\"form-field-message\" class=\"elementor-field-label\">\n\t\t\t\t\t\t\t\tMensaje\t\t\t\t\t\t\t<\/label>\n\t\t\t\t\t\t<textarea class=\"elementor-field-textual elementor-field  elementor-size-sm\" name=\"form_fields[message]\" id=\"form-field-message\" rows=\"4\" placeholder=\"Mensaje\"><\/textarea>\t\t\t\t<\/div>\n\t\t\t\t\t\t\t\t<div class=\"elementor-field-type-acceptance elementor-field-group elementor-column elementor-field-group-field_7f2ec32 elementor-col-100 elementor-field-required elementor-mark-required\">\n\t\t\t\t\t\t\t\t\t\t\t\t<label for=\"form-field-field_7f2ec32\" class=\"elementor-field-label\">\n\t\t\t\t\t\t\t\t<strong>Consentimiento al tratamiento de datos personales<\/strong>\t\t\t\t\t\t\t<\/label>\n\t\t\t\t\t\t\t\t<div class=\"elementor-field-subgroup\">\n\t\t\t<span class=\"elementor-field-option\">\n\t\t\t\t<input type=\"checkbox\" name=\"form_fields[field_7f2ec32]\" id=\"form-field-field_7f2ec32\" class=\"elementor-field elementor-size-sm  elementor-acceptance-field\" required=\"required\" aria-required=\"true\">\n\t\t\t\t<label for=\"form-field-field_7f2ec32\">Estimados Se\u00f1ores de Termofrigo S.p.A., Despu\u00e9s de haber le\u00eddo atentamente la <a href=\"https:\/\/www.termofrigo.it\/es\/politica-de-privacidad\/\" target=\"balnk\">pol\u00edtica de privacidad<\/a> y haber comprendido las caracter\u00edsticas del tratamiento de mis datos personales que llevar\u00e1n a cabo, les otorgo mi consentimiento libre, espec\u00edfico, informado e inequ\u00edvoco para el tratamiento de dichos datos personales con las finalidades indicadas en la mencionada pol\u00edtica, es decir, para ser contactado con el fin de recibir m\u00e1s informaci\u00f3n sobre sus servicios.<\/label>\t\t\t<\/span>\n\t\t<\/div>\n\t\t\t\t\t\t<\/div>\n\t\t\t\t\t\t\t\t<div class=\"elementor-field-type-recaptcha elementor-field-group elementor-column elementor-field-group-field_f78295c elementor-col-100\">\n\t\t\t\t\t<div class=\"elementor-field\" id=\"form-field-field_f78295c\"><div class=\"elementor-g-recaptcha\" data-sitekey=\"6Lfwv-QfAAAAAH0A4bSsN6aEEP8juK6Iw4KJihiJ\" data-type=\"v2_checkbox\" data-theme=\"light\" data-size=\"normal\"><\/div><\/div>\t\t\t\t<\/div>\n\t\t\t\t\t\t\t\t<div class=\"elementor-field-group elementor-column elementor-field-type-submit elementor-col-100 e-form__buttons\">\n\t\t\t\t\t<button type=\"submit\" class=\"elementor-button elementor-size-sm\">\n\t\t\t\t\t\t<span >\n\t\t\t\t\t\t\t\t\t\t\t\t\t\t\t<span class=\" elementor-button-icon\">\n\t\t\t\t\t\t\t\t\t\t\t\t\t\t\t\t\t\t\t\t\t\t\t\t\t\t<\/span>\n\t\t\t\t\t\t\t\t\t\t\t\t\t\t\t\t\t\t\t\t\t\t<span class=\"elementor-button-text\">Env\u00eda el mensaje<\/span>\n\t\t\t\t\t\t\t\t\t\t\t\t\t<\/span>\n\t\t\t\t\t<\/button>\n\t\t\t\t<\/div>\n\t\t\t<\/div>\n\t\t<\/form>\n\t\t\t\t<\/div>\n\t\t\t\t<\/div>\n\t\t\t\t\t<\/div>\n\t\t<\/div>\n\t\t\t\t\t<\/div>\n\t\t<\/section>\n\t\t\t\t<\/div>\n\t\t","protected":false},"excerpt":{"rendered":"<p>Disponibilidad, intervenci\u00f3n inmediata y asistencia las 24 horas. El servicio de reperibilidad con personal especializado para enviar las 24 horas del d\u00eda, los 7 d\u00edas de la semana, los 365 d\u00edas del a\u00f1o. Servicios completos y de alto valor profesional Con el fin de garantizar servicios completos y de alto valor profesional capaces de satisfacer [&hellip;]<\/p>\n","protected":false},"author":1,"featured_media":0,"parent":4094,"menu_order":0,"comment_status":"closed","ping_status":"closed","template":"","meta":{"inline_featured_image":false,"footnotes":""},"class_list":["post-4128","page","type-page","status-publish","hentry"],"yoast_head":"<!-- This site is optimized with the Yoast SEO plugin v27.5 - https:\/\/yoast.com\/product\/yoast-seo-wordpress\/ -->\n<title>Disponibilidad, intervenci\u00f3n inmediata y asistencia 24 horas - Termofrigo<\/title>\n<meta name=\"robots\" content=\"index, follow, max-snippet:-1, max-image-preview:large, max-video-preview:-1\" \/>\n<link rel=\"canonical\" href=\"https:\/\/www.termofrigo.it\/es\/servicios\/disponibilidad-intervencion-inmediata-y-asistencia-24-horas\/\" \/>\n<meta property=\"og:locale\" content=\"es_ES\" \/>\n<meta property=\"og:type\" content=\"article\" \/>\n<meta property=\"og:title\" content=\"Disponibilidad, intervenci\u00f3n inmediata y asistencia 24 horas - Termofrigo\" \/>\n<meta property=\"og:description\" content=\"Disponibilidad, intervenci\u00f3n inmediata y asistencia las 24 horas. El servicio de reperibilidad con personal especializado para enviar las 24 horas del d\u00eda, los 7 d\u00edas de la semana, los 365 d\u00edas del a\u00f1o. Servicios completos y de alto valor profesional Con el fin de garantizar servicios completos y de alto valor profesional capaces de satisfacer [&hellip;]\" \/>\n<meta property=\"og:url\" content=\"https:\/\/www.termofrigo.it\/es\/servicios\/disponibilidad-intervencion-inmediata-y-asistencia-24-horas\/\" \/>\n<meta property=\"og:site_name\" content=\"Termofrigo\" \/>\n<meta property=\"article:modified_time\" content=\"2024-06-21T12:14:52+00:00\" \/>\n<meta name=\"twitter:card\" content=\"summary_large_image\" \/>\n<meta name=\"twitter:label1\" content=\"Tiempo de lectura\" \/>\n\t<meta name=\"twitter:data1\" content=\"1 minuto\" \/>\n<script type=\"application\/ld+json\" class=\"yoast-schema-graph\">{\"@context\":\"https:\\\/\\\/schema.org\",\"@graph\":[{\"@type\":\"WebPage\",\"@id\":\"https:\\\/\\\/www.termofrigo.it\\\/es\\\/servicios\\\/disponibilidad-intervencion-inmediata-y-asistencia-24-horas\\\/\",\"url\":\"https:\\\/\\\/www.termofrigo.it\\\/es\\\/servicios\\\/disponibilidad-intervencion-inmediata-y-asistencia-24-horas\\\/\",\"name\":\"Disponibilidad, intervenci\u00f3n inmediata y asistencia 24 horas - Termofrigo\",\"isPartOf\":{\"@id\":\"https:\\\/\\\/www.termofrigo.it\\\/#website\"},\"datePublished\":\"2022-03-28T10:29:38+00:00\",\"dateModified\":\"2024-06-21T12:14:52+00:00\",\"breadcrumb\":{\"@id\":\"https:\\\/\\\/www.termofrigo.it\\\/es\\\/servicios\\\/disponibilidad-intervencion-inmediata-y-asistencia-24-horas\\\/#breadcrumb\"},\"inLanguage\":\"es\",\"potentialAction\":[{\"@type\":\"ReadAction\",\"target\":[\"https:\\\/\\\/www.termofrigo.it\\\/es\\\/servicios\\\/disponibilidad-intervencion-inmediata-y-asistencia-24-horas\\\/\"]}]},{\"@type\":\"BreadcrumbList\",\"@id\":\"https:\\\/\\\/www.termofrigo.it\\\/es\\\/servicios\\\/disponibilidad-intervencion-inmediata-y-asistencia-24-horas\\\/#breadcrumb\",\"itemListElement\":[{\"@type\":\"ListItem\",\"position\":1,\"name\":\"Home\",\"item\":\"https:\\\/\\\/www.termofrigo.it\\\/es\\\/\"},{\"@type\":\"ListItem\",\"position\":2,\"name\":\"Servicios\",\"item\":\"https:\\\/\\\/www.termofrigo.it\\\/es\\\/servicios\\\/\"},{\"@type\":\"ListItem\",\"position\":3,\"name\":\"Disponibilidad, intervenci\u00f3n inmediata y asistencia 24 horas\"}]},{\"@type\":\"WebSite\",\"@id\":\"https:\\\/\\\/www.termofrigo.it\\\/#website\",\"url\":\"https:\\\/\\\/www.termofrigo.it\\\/\",\"name\":\"Termofrigo\",\"description\":\"Fabbricazione di macchinari industriali\",\"potentialAction\":[{\"@type\":\"SearchAction\",\"target\":{\"@type\":\"EntryPoint\",\"urlTemplate\":\"https:\\\/\\\/www.termofrigo.it\\\/?s={search_term_string}\"},\"query-input\":{\"@type\":\"PropertyValueSpecification\",\"valueRequired\":true,\"valueName\":\"search_term_string\"}}],\"inLanguage\":\"es\"}]}<\/script>\n<!-- \/ Yoast SEO plugin. -->","yoast_head_json":{"title":"Disponibilidad, intervenci\u00f3n inmediata y asistencia 24 horas - Termofrigo","robots":{"index":"index","follow":"follow","max-snippet":"max-snippet:-1","max-image-preview":"max-image-preview:large","max-video-preview":"max-video-preview:-1"},"canonical":"https:\/\/www.termofrigo.it\/es\/servicios\/disponibilidad-intervencion-inmediata-y-asistencia-24-horas\/","og_locale":"es_ES","og_type":"article","og_title":"Disponibilidad, intervenci\u00f3n inmediata y asistencia 24 horas - Termofrigo","og_description":"Disponibilidad, intervenci\u00f3n inmediata y asistencia las 24 horas. El servicio de reperibilidad con personal especializado para enviar las 24 horas del d\u00eda, los 7 d\u00edas de la semana, los 365 d\u00edas del a\u00f1o. Servicios completos y de alto valor profesional Con el fin de garantizar servicios completos y de alto valor profesional capaces de satisfacer [&hellip;]","og_url":"https:\/\/www.termofrigo.it\/es\/servicios\/disponibilidad-intervencion-inmediata-y-asistencia-24-horas\/","og_site_name":"Termofrigo","article_modified_time":"2024-06-21T12:14:52+00:00","twitter_card":"summary_large_image","twitter_misc":{"Tiempo de lectura":"1 minuto"},"schema":{"@context":"https:\/\/schema.org","@graph":[{"@type":"WebPage","@id":"https:\/\/www.termofrigo.it\/es\/servicios\/disponibilidad-intervencion-inmediata-y-asistencia-24-horas\/","url":"https:\/\/www.termofrigo.it\/es\/servicios\/disponibilidad-intervencion-inmediata-y-asistencia-24-horas\/","name":"Disponibilidad, intervenci\u00f3n inmediata y asistencia 24 horas - Termofrigo","isPartOf":{"@id":"https:\/\/www.termofrigo.it\/#website"},"datePublished":"2022-03-28T10:29:38+00:00","dateModified":"2024-06-21T12:14:52+00:00","breadcrumb":{"@id":"https:\/\/www.termofrigo.it\/es\/servicios\/disponibilidad-intervencion-inmediata-y-asistencia-24-horas\/#breadcrumb"},"inLanguage":"es","potentialAction":[{"@type":"ReadAction","target":["https:\/\/www.termofrigo.it\/es\/servicios\/disponibilidad-intervencion-inmediata-y-asistencia-24-horas\/"]}]},{"@type":"BreadcrumbList","@id":"https:\/\/www.termofrigo.it\/es\/servicios\/disponibilidad-intervencion-inmediata-y-asistencia-24-horas\/#breadcrumb","itemListElement":[{"@type":"ListItem","position":1,"name":"Home","item":"https:\/\/www.termofrigo.it\/es\/"},{"@type":"ListItem","position":2,"name":"Servicios","item":"https:\/\/www.termofrigo.it\/es\/servicios\/"},{"@type":"ListItem","position":3,"name":"Disponibilidad, intervenci\u00f3n inmediata y asistencia 24 horas"}]},{"@type":"WebSite","@id":"https:\/\/www.termofrigo.it\/#website","url":"https:\/\/www.termofrigo.it\/","name":"Termofrigo","description":"Fabbricazione di macchinari industriali","potentialAction":[{"@type":"SearchAction","target":{"@type":"EntryPoint","urlTemplate":"https:\/\/www.termofrigo.it\/?s={search_term_string}"},"query-input":{"@type":"PropertyValueSpecification","valueRequired":true,"valueName":"search_term_string"}}],"inLanguage":"es"}]}},"_links":{"self":[{"href":"https:\/\/www.termofrigo.it\/es\/wp-json\/wp\/v2\/pages\/4128","targetHints":{"allow":["GET"]}}],"collection":[{"href":"https:\/\/www.termofrigo.it\/es\/wp-json\/wp\/v2\/pages"}],"about":[{"href":"https:\/\/www.termofrigo.it\/es\/wp-json\/wp\/v2\/types\/page"}],"author":[{"embeddable":true,"href":"https:\/\/www.termofrigo.it\/es\/wp-json\/wp\/v2\/users\/1"}],"replies":[{"embeddable":true,"href":"https:\/\/www.termofrigo.it\/es\/wp-json\/wp\/v2\/comments?post=4128"}],"version-history":[{"count":1,"href":"https:\/\/www.termofrigo.it\/es\/wp-json\/wp\/v2\/pages\/4128\/revisions"}],"predecessor-version":[{"id":4129,"href":"https:\/\/www.termofrigo.it\/es\/wp-json\/wp\/v2\/pages\/4128\/revisions\/4129"}],"up":[{"embeddable":true,"href":"https:\/\/www.termofrigo.it\/es\/wp-json\/wp\/v2\/pages\/4094"}],"wp:attachment":[{"href":"https:\/\/www.termofrigo.it\/es\/wp-json\/wp\/v2\/media?parent=4128"}],"curies":[{"name":"wp","href":"https:\/\/api.w.org\/{rel}","templated":true}]}}