{"id":4118,"date":"2022-03-28T12:21:48","date_gmt":"2022-03-28T10:21:48","guid":{"rendered":"https:\/\/www.termofrigo.it\/servicios\/operacion-mantenimiento-y-gestion-de-terceros\/"},"modified":"2024-06-21T12:14:24","modified_gmt":"2024-06-21T10:14:24","slug":"operacion-mantenimiento-y-gestion-de-terceros","status":"publish","type":"page","link":"https:\/\/www.termofrigo.it\/es\/servicios\/operacion-mantenimiento-y-gestion-de-terceros\/","title":{"rendered":"Operaci\u00f3n, mantenimiento y gesti\u00f3n de terceros."},"content":{"rendered":"\t\t<div data-elementor-type=\"wp-page\" data-elementor-id=\"4118\" class=\"elementor elementor-4118 elementor-1332\">\n\t\t\t\t\t\t<section class=\"elementor-section elementor-top-section elementor-element elementor-element-83743b9 elementor-reverse-mobile sezione-sfondi elementor-section-height-min-height elementor-section-content-middle elementor-section-boxed elementor-section-height-default elementor-section-items-middle\" data-id=\"83743b9\" data-element_type=\"section\" data-settings=\"{&quot;background_background&quot;:&quot;classic&quot;}\">\n\t\t\t\t\t\t\t<div class=\"elementor-background-overlay\"><\/div>\n\t\t\t\t\t\t\t<div class=\"elementor-container elementor-column-gap-default\">\n\t\t\t\t\t<div class=\"elementor-column elementor-col-100 elementor-top-column elementor-element elementor-element-a97adbd elementor-invisible\" data-id=\"a97adbd\" data-element_type=\"column\" data-settings=\"{&quot;animation&quot;:&quot;fadeIn&quot;,&quot;animation_delay&quot;:500,&quot;animation_mobile&quot;:&quot;none&quot;}\">\n\t\t\t<div class=\"elementor-widget-wrap elementor-element-populated\">\n\t\t\t\t\t\t<div class=\"elementor-element elementor-element-f4cc81b elementor-widget elementor-widget-heading\" data-id=\"f4cc81b\" data-element_type=\"widget\" data-widget_type=\"heading.default\">\n\t\t\t\t<div class=\"elementor-widget-container\">\n\t\t\t<h1 class=\"elementor-heading-title elementor-size-default\">Operaci\u00f3n, mantenimiento y gesti\u00f3n de terceros.<\/h1>\t\t<\/div>\n\t\t\t\t<\/div>\n\t\t\t\t<div class=\"elementor-element elementor-element-e26b4f7 elementor-widget elementor-widget-text-editor\" data-id=\"e26b4f7\" data-element_type=\"widget\" data-widget_type=\"text-editor.default\">\n\t\t\t\t<div class=\"elementor-widget-container\">\n\t\t\t\t\t\t\t<p>Siempre hemos prestado gran atenci\u00f3n al mantenimiento en todas las fases de duraci\u00f3n del contrato con el cliente.<\/p>\n\t\t\t\t\t\t<\/div>\n\t\t\t\t<\/div>\n\t\t\t\t\t<\/div>\n\t\t<\/div>\n\t\t\t\t\t<\/div>\n\t\t<\/section>\n\t\t\t\t<section class=\"elementor-section elementor-top-section elementor-element elementor-element-511c180 sezione-padding elementor-section-content-middle elementor-section-boxed elementor-section-height-default elementor-section-height-default\" data-id=\"511c180\" data-element_type=\"section\" data-settings=\"{&quot;background_background&quot;:&quot;classic&quot;}\">\n\t\t\t\t\t\t\t<div class=\"elementor-background-overlay\"><\/div>\n\t\t\t\t\t\t\t<div class=\"elementor-container elementor-column-gap-default\">\n\t\t\t\t\t<div class=\"elementor-column elementor-col-66 elementor-top-column elementor-element elementor-element-1de6a92\" data-id=\"1de6a92\" data-element_type=\"column\">\n\t\t\t<div class=\"elementor-widget-wrap elementor-element-populated\">\n\t\t\t\t\t\t<div class=\"elementor-element elementor-element-f44ef57 elementor-widget elementor-widget-heading\" data-id=\"f44ef57\" data-element_type=\"widget\" data-widget_type=\"heading.default\">\n\t\t\t\t<div class=\"elementor-widget-container\">\n\t\t\t<h2 class=\"elementor-heading-title elementor-size-default\">Conducci\u00f3n y mantenimiento<\/h2>\t\t<\/div>\n\t\t\t\t<\/div>\n\t\t\t\t<div class=\"elementor-element elementor-element-31e31bb elementor-widget-divider--view-line elementor-widget elementor-widget-divider\" data-id=\"31e31bb\" data-element_type=\"widget\" data-widget_type=\"divider.default\">\n\t\t\t\t<div class=\"elementor-widget-container\">\n\t\t\t\t\t<div class=\"elementor-divider\">\n\t\t\t<span class=\"elementor-divider-separator\">\n\t\t\t\t\t\t<\/span>\n\t\t<\/div>\n\t\t\t\t<\/div>\n\t\t\t\t<\/div>\n\t\t\t\t<div class=\"elementor-element elementor-element-8f4e389 elementor-invisible elementor-widget elementor-widget-text-editor\" data-id=\"8f4e389\" data-element_type=\"widget\" data-settings=\"{&quot;_animation&quot;:&quot;fadeIn&quot;,&quot;_animation_delay&quot;:500,&quot;_animation_mobile&quot;:&quot;none&quot;}\" data-widget_type=\"text-editor.default\">\n\t\t\t\t<div class=\"elementor-widget-container\">\n\t\t\t\t\t\t\t<p>Ofrecemos servicios de conducci\u00f3n y mantenimiento en todas las instalaciones tecnol\u00f3gicas gestionando:<\/p>\n\t\t\t\t\t\t<\/div>\n\t\t\t\t<\/div>\n\t\t\t\t<div class=\"elementor-element elementor-element-e697d29 elementor-icon-list--layout-traditional elementor-list-item-link-full_width elementor-invisible elementor-widget elementor-widget-icon-list\" data-id=\"e697d29\" data-element_type=\"widget\" data-settings=\"{&quot;_animation&quot;:&quot;fadeIn&quot;,&quot;_animation_delay&quot;:500,&quot;_animation_mobile&quot;:&quot;none&quot;}\" data-widget_type=\"icon-list.default\">\n\t\t\t\t<div class=\"elementor-widget-container\">\n\t\t\t\t\t<ul class=\"elementor-icon-list-items\">\n\t\t\t\t\t\t\t<li class=\"elementor-icon-list-item\">\n\t\t\t\t\t\t\t\t\t\t\t<span class=\"elementor-icon-list-icon\">\n\t\t\t\t\t\t\t<i aria-hidden=\"true\" class=\"fas fa-check\"><\/i>\t\t\t\t\t\t<\/span>\n\t\t\t\t\t\t\t\t\t\t<span class=\"elementor-icon-list-text\"><strong>Actividades de mantenimiento programado<\/strong> espec\u00edficas para cada instalaci\u00f3n con el objetivo de mejorar la eficiencia de las m\u00e1quinas, reducir las aver\u00edas, las paradas de las instalaciones y los gastos imprevistos; <\/span>\n\t\t\t\t\t\t\t\t\t<\/li>\n\t\t\t\t\t\t\t\t<li class=\"elementor-icon-list-item\">\n\t\t\t\t\t\t\t\t\t\t\t<span class=\"elementor-icon-list-icon\">\n\t\t\t\t\t\t\t<i aria-hidden=\"true\" class=\"fas fa-check\"><\/i>\t\t\t\t\t\t<\/span>\n\t\t\t\t\t\t\t\t\t\t<span class=\"elementor-icon-list-text\"><strong>Intervenciones postventa<\/strong> precisas y oportunas gracias a un personal especializado y atento a los requisitos del cliente;<\/span>\n\t\t\t\t\t\t\t\t\t<\/li>\n\t\t\t\t\t\t\t\t<li class=\"elementor-icon-list-item\">\n\t\t\t\t\t\t\t\t\t\t\t<span class=\"elementor-icon-list-icon\">\n\t\t\t\t\t\t\t<i aria-hidden=\"true\" class=\"fas fa-check\"><\/i>\t\t\t\t\t\t<\/span>\n\t\t\t\t\t\t\t\t\t\t<span class=\"elementor-icon-list-text\"><strong>Planes de mantenimiento<\/strong> conformes a los requisitos y obligaciones normativas, respetando las indicaciones de los fabricantes con el servicio de Tercer Responsable, garantizando el ahorro energ\u00e9tico de las instalaciones y la mejora de la eficiencia de las mismas. <\/span>\n\t\t\t\t\t\t\t\t\t<\/li>\n\t\t\t\t\t\t<\/ul>\n\t\t\t\t<\/div>\n\t\t\t\t<\/div>\n\t\t\t\t\t<\/div>\n\t\t<\/div>\n\t\t\t\t<div class=\"elementor-column elementor-col-33 elementor-top-column elementor-element elementor-element-f9cb571 colonna-hover elementor-invisible\" data-id=\"f9cb571\" data-element_type=\"column\" data-settings=\"{&quot;background_background&quot;:&quot;classic&quot;,&quot;animation&quot;:&quot;fadeIn&quot;,&quot;animation_delay&quot;:600,&quot;animation_mobile&quot;:&quot;none&quot;}\">\n\t\t\t<div class=\"elementor-widget-wrap elementor-element-populated\">\n\t\t\t\t\t\t<div class=\"elementor-element elementor-element-e5cb959 riquadro-icona-home elementor-view-default elementor-position-top elementor-mobile-position-top elementor-widget elementor-widget-icon-box\" data-id=\"e5cb959\" data-element_type=\"widget\" data-widget_type=\"icon-box.default\">\n\t\t\t\t<div class=\"elementor-widget-container\">\n\t\t\t\t\t<div class=\"elementor-icon-box-wrapper\">\n\n\t\t\t\t\t\t<div class=\"elementor-icon-box-icon\">\n\t\t\t\t<a href=\"\/termofrigo\/\" class=\"elementor-icon elementor-animation-\" tabindex=\"-1\">\n\t\t\t\t<i aria-hidden=\"true\" class=\"far fa-lightbulb\"><\/i>\t\t\t\t<\/a>\n\t\t\t<\/div>\n\t\t\t\n\t\t\t\t\t\t<div class=\"elementor-icon-box-content\">\n\n\t\t\t\t\t\t\t\t\t<p class=\"elementor-icon-box-title\">\n\t\t\t\t\t\t<a href=\"\/termofrigo\/\" >\n\t\t\t\t\t\t\tOperaci\u00f3n, mantenimiento y gesti\u00f3n de terceros.\t\t\t\t\t\t<\/a>\n\t\t\t\t\t<\/p>\n\t\t\t\t\n\t\t\t\t\t\t\t\t\t<p class=\"elementor-icon-box-description\">\n\t\t\t\t\t\tSiempre hemos prestado gran atenci\u00f3n al mantenimiento en todas las fases de duraci\u00f3n del contrato con el cliente.\t\t\t\t\t<\/p>\n\t\t\t\t\n\t\t\t<\/div>\n\t\t\t\n\t\t<\/div>\n\t\t\t\t<\/div>\n\t\t\t\t<\/div>\n\t\t\t\t\t<\/div>\n\t\t<\/div>\n\t\t\t\t\t<\/div>\n\t\t<\/section>\n\t\t\t\t<section class=\"elementor-section elementor-top-section elementor-element elementor-element-f77e213 sezione-padding elementor-section-boxed elementor-section-height-default elementor-section-height-default\" data-id=\"f77e213\" data-element_type=\"section\" data-settings=\"{&quot;background_background&quot;:&quot;classic&quot;}\">\n\t\t\t\t\t\t\t<div class=\"elementor-background-overlay\"><\/div>\n\t\t\t\t\t\t\t<div class=\"elementor-container elementor-column-gap-default\">\n\t\t\t\t\t<div class=\"elementor-column elementor-col-50 elementor-top-column elementor-element elementor-element-3c91754\" data-id=\"3c91754\" data-element_type=\"column\">\n\t\t\t<div class=\"elementor-widget-wrap elementor-element-populated\">\n\t\t\t\t\t\t<div class=\"elementor-element elementor-element-02e3af9 elementor-widget elementor-widget-heading\" data-id=\"02e3af9\" data-element_type=\"widget\" data-widget_type=\"heading.default\">\n\t\t\t\t<div class=\"elementor-widget-container\">\n\t\t\t<p class=\"elementor-heading-title elementor-size-default\">Cont\u00e1ctenos para obtener informaci\u00f3n sobre el dise\u00f1o y la realizaci\u00f3n de sistemas<\/p>\t\t<\/div>\n\t\t\t\t<\/div>\n\t\t\t\t<div class=\"elementor-element elementor-element-77af149 elementor-widget-divider--view-line elementor-widget elementor-widget-divider\" data-id=\"77af149\" data-element_type=\"widget\" data-widget_type=\"divider.default\">\n\t\t\t\t<div class=\"elementor-widget-container\">\n\t\t\t\t\t<div class=\"elementor-divider\">\n\t\t\t<span class=\"elementor-divider-separator\">\n\t\t\t\t\t\t<\/span>\n\t\t<\/div>\n\t\t\t\t<\/div>\n\t\t\t\t<\/div>\n\t\t\t\t<div class=\"elementor-element elementor-element-102142c elementor-widget elementor-widget-text-editor\" data-id=\"102142c\" data-element_type=\"widget\" data-widget_type=\"text-editor.default\">\n\t\t\t\t<div class=\"elementor-widget-container\">\n\t\t\t\t\t\t\t<p>Per cualquier duda o pregunta, escr\u00edbanos; nuestro equipo le responder\u00e1 lo antes posible.<\/p>\n\t\t\t\t\t\t<\/div>\n\t\t\t\t<\/div>\n\t\t\t\t\t<\/div>\n\t\t<\/div>\n\t\t\t\t<div class=\"elementor-column elementor-col-50 elementor-top-column elementor-element elementor-element-cf91395 elementor-invisible\" data-id=\"cf91395\" data-element_type=\"column\" data-settings=\"{&quot;background_background&quot;:&quot;classic&quot;,&quot;animation&quot;:&quot;fadeIn&quot;,&quot;animation_delay&quot;:500}\">\n\t\t\t<div class=\"elementor-widget-wrap elementor-element-populated\">\n\t\t\t\t\t\t<div class=\"elementor-element elementor-element-c0aa4aa modulo-servizi elementor-button-align-stretch elementor-widget elementor-widget-form\" data-id=\"c0aa4aa\" data-element_type=\"widget\" data-settings=\"{&quot;step_next_label&quot;:&quot;Despu\\u00e9s de usted&quot;,&quot;step_previous_label&quot;:&quot;Hacia atr\\u00e1s&quot;,&quot;button_width&quot;:&quot;100&quot;,&quot;step_type&quot;:&quot;number_text&quot;,&quot;step_icon_shape&quot;:&quot;circle&quot;}\" data-widget_type=\"form.default\">\n\t\t\t\t<div class=\"elementor-widget-container\">\n\t\t\t\t\t<form class=\"elementor-form\" method=\"post\" name=\"Nuevo formulario\">\n\t\t\t<input type=\"hidden\" name=\"post_id\" value=\"4118\"\/>\n\t\t\t<input type=\"hidden\" name=\"form_id\" value=\"c0aa4aa\"\/>\n\t\t\t<input type=\"hidden\" name=\"referer_title\" value=\"Termofrigo\" \/>\n\n\t\t\t\n\t\t\t<div class=\"elementor-form-fields-wrapper elementor-labels-above\">\n\t\t\t\t\t\t\t\t<div class=\"elementor-field-type-text elementor-field-group elementor-column elementor-field-group-name elementor-col-100 elementor-field-required elementor-mark-required\">\n\t\t\t\t\t\t\t\t\t\t\t\t<label for=\"form-field-name\" class=\"elementor-field-label\">\n\t\t\t\t\t\t\t\tNombre\t\t\t\t\t\t\t<\/label>\n\t\t\t\t\t\t\t\t\t\t\t\t\t\t<input size=\"1\" type=\"text\" name=\"form_fields[name]\" id=\"form-field-name\" class=\"elementor-field elementor-size-sm  elementor-field-textual\" placeholder=\"Mario\" required=\"required\" aria-required=\"true\">\n\t\t\t\t\t\t\t\t\t\t\t<\/div>\n\t\t\t\t\t\t\t\t<div class=\"elementor-field-type-email elementor-field-group elementor-column elementor-field-group-email elementor-col-50 elementor-field-required elementor-mark-required\">\n\t\t\t\t\t\t\t\t\t\t\t\t<label for=\"form-field-email\" class=\"elementor-field-label\">\n\t\t\t\t\t\t\t\tEmail\t\t\t\t\t\t\t<\/label>\n\t\t\t\t\t\t\t\t\t\t\t\t\t\t<input size=\"1\" type=\"email\" name=\"form_fields[email]\" id=\"form-field-email\" class=\"elementor-field elementor-size-sm  elementor-field-textual\" placeholder=\"mario.rossi@test.com\" required=\"required\" aria-required=\"true\">\n\t\t\t\t\t\t\t\t\t\t\t<\/div>\n\t\t\t\t\t\t\t\t<div class=\"elementor-field-type-tel elementor-field-group elementor-column elementor-field-group-field_034d102 elementor-col-50 elementor-field-required elementor-mark-required\">\n\t\t\t\t\t\t\t\t\t\t\t\t<label for=\"form-field-field_034d102\" class=\"elementor-field-label\">\n\t\t\t\t\t\t\t\tTel\u00e9fono\t\t\t\t\t\t\t<\/label>\n\t\t\t\t\t\t\t\t<input size=\"1\" type=\"tel\" name=\"form_fields[field_034d102]\" id=\"form-field-field_034d102\" class=\"elementor-field elementor-size-sm  elementor-field-textual\" placeholder=\"00 1234 456\" required=\"required\" aria-required=\"true\" pattern=\"[0-9()#&amp;+*-=.]+\" title=\"Solo se aceptan n\u00fameros y caracteres de tel\u00e9fono (#,-,*,etc).\">\n\n\t\t\t\t\t\t<\/div>\n\t\t\t\t\t\t\t\t<div class=\"elementor-field-type-textarea elementor-field-group elementor-column elementor-field-group-message elementor-col-100\">\n\t\t\t\t\t\t\t\t\t\t\t\t<label for=\"form-field-message\" class=\"elementor-field-label\">\n\t\t\t\t\t\t\t\tMensaje\t\t\t\t\t\t\t<\/label>\n\t\t\t\t\t\t<textarea class=\"elementor-field-textual elementor-field  elementor-size-sm\" name=\"form_fields[message]\" id=\"form-field-message\" rows=\"4\" placeholder=\"Mensaje\"><\/textarea>\t\t\t\t<\/div>\n\t\t\t\t\t\t\t\t<div class=\"elementor-field-type-acceptance elementor-field-group elementor-column elementor-field-group-field_7f2ec32 elementor-col-100 elementor-field-required elementor-mark-required\">\n\t\t\t\t\t\t\t\t\t\t\t\t<label for=\"form-field-field_7f2ec32\" class=\"elementor-field-label\">\n\t\t\t\t\t\t\t\t<strong>Consentimiento al tratamiento de datos personales<\/strong>\t\t\t\t\t\t\t<\/label>\n\t\t\t\t\t\t\t\t<div class=\"elementor-field-subgroup\">\n\t\t\t<span class=\"elementor-field-option\">\n\t\t\t\t<input type=\"checkbox\" name=\"form_fields[field_7f2ec32]\" id=\"form-field-field_7f2ec32\" class=\"elementor-field elementor-size-sm  elementor-acceptance-field\" required=\"required\" aria-required=\"true\">\n\t\t\t\t<label for=\"form-field-field_7f2ec32\">Estimados Se\u00f1ores de Termofrigo S.p.A., Despu\u00e9s de haber le\u00eddo atentamente la <a href=\"https:\/\/www.termofrigo.it\/es\/politica-de-privacidad\/\" target=\"balnk\">pol\u00edtica de privacidad<\/a> y haber comprendido las caracter\u00edsticas del tratamiento de mis datos personales que llevar\u00e1n a cabo, les otorgo mi consentimiento libre, espec\u00edfico, informado e inequ\u00edvoco para el tratamiento de dichos datos personales con las finalidades indicadas en la mencionada pol\u00edtica, es decir, para ser contactado con el fin de recibir m\u00e1s informaci\u00f3n sobre sus servicios.<\/label>\t\t\t<\/span>\n\t\t<\/div>\n\t\t\t\t\t\t<\/div>\n\t\t\t\t\t\t\t\t<div class=\"elementor-field-type-recaptcha elementor-field-group elementor-column elementor-field-group-field_f78295c elementor-col-100\">\n\t\t\t\t\t<div class=\"elementor-field\" id=\"form-field-field_f78295c\"><div class=\"elementor-g-recaptcha\" data-sitekey=\"6Lfwv-QfAAAAAH0A4bSsN6aEEP8juK6Iw4KJihiJ\" data-type=\"v2_checkbox\" data-theme=\"light\" data-size=\"normal\"><\/div><\/div>\t\t\t\t<\/div>\n\t\t\t\t\t\t\t\t<div class=\"elementor-field-group elementor-column elementor-field-type-submit elementor-col-100 e-form__buttons\">\n\t\t\t\t\t<button type=\"submit\" class=\"elementor-button elementor-size-sm\">\n\t\t\t\t\t\t<span >\n\t\t\t\t\t\t\t\t\t\t\t\t\t\t\t<span class=\" elementor-button-icon\">\n\t\t\t\t\t\t\t\t\t\t\t\t\t\t\t\t\t\t\t\t\t\t\t\t\t\t<\/span>\n\t\t\t\t\t\t\t\t\t\t\t\t\t\t\t\t\t\t\t\t\t\t<span class=\"elementor-button-text\">Env\u00eda el mensaje<\/span>\n\t\t\t\t\t\t\t\t\t\t\t\t\t<\/span>\n\t\t\t\t\t<\/button>\n\t\t\t\t<\/div>\n\t\t\t<\/div>\n\t\t<\/form>\n\t\t\t\t<\/div>\n\t\t\t\t<\/div>\n\t\t\t\t\t<\/div>\n\t\t<\/div>\n\t\t\t\t\t<\/div>\n\t\t<\/section>\n\t\t\t\t<\/div>\n\t\t","protected":false},"excerpt":{"rendered":"<p>Operaci\u00f3n, mantenimiento y gesti\u00f3n de terceros. Siempre hemos prestado gran atenci\u00f3n al mantenimiento en todas las fases de duraci\u00f3n del contrato con el cliente. Conducci\u00f3n y mantenimiento Ofrecemos servicios de conducci\u00f3n y mantenimiento en todas las instalaciones tecnol\u00f3gicas gestionando: Actividades de mantenimiento programado espec\u00edficas para cada instalaci\u00f3n con el objetivo de mejorar la eficiencia de [&hellip;]<\/p>\n","protected":false},"author":1,"featured_media":0,"parent":4094,"menu_order":0,"comment_status":"closed","ping_status":"closed","template":"","meta":{"inline_featured_image":false,"footnotes":""},"class_list":["post-4118","page","type-page","status-publish","hentry"],"yoast_head":"<!-- This site is optimized with the Yoast SEO plugin v27.5 - https:\/\/yoast.com\/product\/yoast-seo-wordpress\/ -->\n<title>Operaci\u00f3n, mantenimiento y gesti\u00f3n de terceros. - Termofrigo<\/title>\n<meta name=\"robots\" content=\"index, follow, max-snippet:-1, max-image-preview:large, max-video-preview:-1\" \/>\n<link rel=\"canonical\" href=\"https:\/\/www.termofrigo.it\/es\/servicios\/operacion-mantenimiento-y-gestion-de-terceros\/\" \/>\n<meta property=\"og:locale\" content=\"es_ES\" \/>\n<meta property=\"og:type\" content=\"article\" \/>\n<meta property=\"og:title\" content=\"Operaci\u00f3n, mantenimiento y gesti\u00f3n de terceros. - Termofrigo\" \/>\n<meta property=\"og:description\" content=\"Operaci\u00f3n, mantenimiento y gesti\u00f3n de terceros. Siempre hemos prestado gran atenci\u00f3n al mantenimiento en todas las fases de duraci\u00f3n del contrato con el cliente. Conducci\u00f3n y mantenimiento Ofrecemos servicios de conducci\u00f3n y mantenimiento en todas las instalaciones tecnol\u00f3gicas gestionando: Actividades de mantenimiento programado espec\u00edficas para cada instalaci\u00f3n con el objetivo de mejorar la eficiencia de [&hellip;]\" \/>\n<meta property=\"og:url\" content=\"https:\/\/www.termofrigo.it\/es\/servicios\/operacion-mantenimiento-y-gestion-de-terceros\/\" \/>\n<meta property=\"og:site_name\" content=\"Termofrigo\" \/>\n<meta property=\"article:modified_time\" content=\"2024-06-21T10:14:24+00:00\" \/>\n<meta name=\"twitter:card\" content=\"summary_large_image\" \/>\n<meta name=\"twitter:label1\" content=\"Tiempo de lectura\" \/>\n\t<meta name=\"twitter:data1\" content=\"1 minuto\" \/>\n<script type=\"application\/ld+json\" class=\"yoast-schema-graph\">{\"@context\":\"https:\\\/\\\/schema.org\",\"@graph\":[{\"@type\":\"WebPage\",\"@id\":\"https:\\\/\\\/www.termofrigo.it\\\/es\\\/servicios\\\/operacion-mantenimiento-y-gestion-de-terceros\\\/\",\"url\":\"https:\\\/\\\/www.termofrigo.it\\\/es\\\/servicios\\\/operacion-mantenimiento-y-gestion-de-terceros\\\/\",\"name\":\"Operaci\u00f3n, mantenimiento y gesti\u00f3n de terceros. - Termofrigo\",\"isPartOf\":{\"@id\":\"https:\\\/\\\/www.termofrigo.it\\\/#website\"},\"datePublished\":\"2022-03-28T10:21:48+00:00\",\"dateModified\":\"2024-06-21T10:14:24+00:00\",\"breadcrumb\":{\"@id\":\"https:\\\/\\\/www.termofrigo.it\\\/es\\\/servicios\\\/operacion-mantenimiento-y-gestion-de-terceros\\\/#breadcrumb\"},\"inLanguage\":\"es\",\"potentialAction\":[{\"@type\":\"ReadAction\",\"target\":[\"https:\\\/\\\/www.termofrigo.it\\\/es\\\/servicios\\\/operacion-mantenimiento-y-gestion-de-terceros\\\/\"]}]},{\"@type\":\"BreadcrumbList\",\"@id\":\"https:\\\/\\\/www.termofrigo.it\\\/es\\\/servicios\\\/operacion-mantenimiento-y-gestion-de-terceros\\\/#breadcrumb\",\"itemListElement\":[{\"@type\":\"ListItem\",\"position\":1,\"name\":\"Home\",\"item\":\"https:\\\/\\\/www.termofrigo.it\\\/es\\\/\"},{\"@type\":\"ListItem\",\"position\":2,\"name\":\"Servicios\",\"item\":\"https:\\\/\\\/www.termofrigo.it\\\/es\\\/servicios\\\/\"},{\"@type\":\"ListItem\",\"position\":3,\"name\":\"Operaci\u00f3n, mantenimiento y gesti\u00f3n de terceros.\"}]},{\"@type\":\"WebSite\",\"@id\":\"https:\\\/\\\/www.termofrigo.it\\\/#website\",\"url\":\"https:\\\/\\\/www.termofrigo.it\\\/\",\"name\":\"Termofrigo\",\"description\":\"Fabbricazione di macchinari industriali\",\"potentialAction\":[{\"@type\":\"SearchAction\",\"target\":{\"@type\":\"EntryPoint\",\"urlTemplate\":\"https:\\\/\\\/www.termofrigo.it\\\/?s={search_term_string}\"},\"query-input\":{\"@type\":\"PropertyValueSpecification\",\"valueRequired\":true,\"valueName\":\"search_term_string\"}}],\"inLanguage\":\"es\"}]}<\/script>\n<!-- \/ Yoast SEO plugin. -->","yoast_head_json":{"title":"Operaci\u00f3n, mantenimiento y gesti\u00f3n de terceros. - Termofrigo","robots":{"index":"index","follow":"follow","max-snippet":"max-snippet:-1","max-image-preview":"max-image-preview:large","max-video-preview":"max-video-preview:-1"},"canonical":"https:\/\/www.termofrigo.it\/es\/servicios\/operacion-mantenimiento-y-gestion-de-terceros\/","og_locale":"es_ES","og_type":"article","og_title":"Operaci\u00f3n, mantenimiento y gesti\u00f3n de terceros. - Termofrigo","og_description":"Operaci\u00f3n, mantenimiento y gesti\u00f3n de terceros. Siempre hemos prestado gran atenci\u00f3n al mantenimiento en todas las fases de duraci\u00f3n del contrato con el cliente. Conducci\u00f3n y mantenimiento Ofrecemos servicios de conducci\u00f3n y mantenimiento en todas las instalaciones tecnol\u00f3gicas gestionando: Actividades de mantenimiento programado espec\u00edficas para cada instalaci\u00f3n con el objetivo de mejorar la eficiencia de [&hellip;]","og_url":"https:\/\/www.termofrigo.it\/es\/servicios\/operacion-mantenimiento-y-gestion-de-terceros\/","og_site_name":"Termofrigo","article_modified_time":"2024-06-21T10:14:24+00:00","twitter_card":"summary_large_image","twitter_misc":{"Tiempo de lectura":"1 minuto"},"schema":{"@context":"https:\/\/schema.org","@graph":[{"@type":"WebPage","@id":"https:\/\/www.termofrigo.it\/es\/servicios\/operacion-mantenimiento-y-gestion-de-terceros\/","url":"https:\/\/www.termofrigo.it\/es\/servicios\/operacion-mantenimiento-y-gestion-de-terceros\/","name":"Operaci\u00f3n, mantenimiento y gesti\u00f3n de terceros. - Termofrigo","isPartOf":{"@id":"https:\/\/www.termofrigo.it\/#website"},"datePublished":"2022-03-28T10:21:48+00:00","dateModified":"2024-06-21T10:14:24+00:00","breadcrumb":{"@id":"https:\/\/www.termofrigo.it\/es\/servicios\/operacion-mantenimiento-y-gestion-de-terceros\/#breadcrumb"},"inLanguage":"es","potentialAction":[{"@type":"ReadAction","target":["https:\/\/www.termofrigo.it\/es\/servicios\/operacion-mantenimiento-y-gestion-de-terceros\/"]}]},{"@type":"BreadcrumbList","@id":"https:\/\/www.termofrigo.it\/es\/servicios\/operacion-mantenimiento-y-gestion-de-terceros\/#breadcrumb","itemListElement":[{"@type":"ListItem","position":1,"name":"Home","item":"https:\/\/www.termofrigo.it\/es\/"},{"@type":"ListItem","position":2,"name":"Servicios","item":"https:\/\/www.termofrigo.it\/es\/servicios\/"},{"@type":"ListItem","position":3,"name":"Operaci\u00f3n, mantenimiento y gesti\u00f3n de terceros."}]},{"@type":"WebSite","@id":"https:\/\/www.termofrigo.it\/#website","url":"https:\/\/www.termofrigo.it\/","name":"Termofrigo","description":"Fabbricazione di macchinari industriali","potentialAction":[{"@type":"SearchAction","target":{"@type":"EntryPoint","urlTemplate":"https:\/\/www.termofrigo.it\/?s={search_term_string}"},"query-input":{"@type":"PropertyValueSpecification","valueRequired":true,"valueName":"search_term_string"}}],"inLanguage":"es"}]}},"_links":{"self":[{"href":"https:\/\/www.termofrigo.it\/es\/wp-json\/wp\/v2\/pages\/4118","targetHints":{"allow":["GET"]}}],"collection":[{"href":"https:\/\/www.termofrigo.it\/es\/wp-json\/wp\/v2\/pages"}],"about":[{"href":"https:\/\/www.termofrigo.it\/es\/wp-json\/wp\/v2\/types\/page"}],"author":[{"embeddable":true,"href":"https:\/\/www.termofrigo.it\/es\/wp-json\/wp\/v2\/users\/1"}],"replies":[{"embeddable":true,"href":"https:\/\/www.termofrigo.it\/es\/wp-json\/wp\/v2\/comments?post=4118"}],"version-history":[{"count":1,"href":"https:\/\/www.termofrigo.it\/es\/wp-json\/wp\/v2\/pages\/4118\/revisions"}],"predecessor-version":[{"id":4119,"href":"https:\/\/www.termofrigo.it\/es\/wp-json\/wp\/v2\/pages\/4118\/revisions\/4119"}],"up":[{"embeddable":true,"href":"https:\/\/www.termofrigo.it\/es\/wp-json\/wp\/v2\/pages\/4094"}],"wp:attachment":[{"href":"https:\/\/www.termofrigo.it\/es\/wp-json\/wp\/v2\/media?parent=4118"}],"curies":[{"name":"wp","href":"https:\/\/api.w.org\/{rel}","templated":true}]}}