{"id":4112,"date":"2021-06-24T14:50:59","date_gmt":"2021-06-24T12:50:59","guid":{"rendered":"https:\/\/www.termofrigo.it\/politica-de-privacidad\/"},"modified":"2024-06-21T11:30:14","modified_gmt":"2024-06-21T09:30:14","slug":"politica-de-privacidad","status":"publish","type":"page","link":"https:\/\/www.termofrigo.it\/es\/politica-de-privacidad\/","title":{"rendered":"pol\u00edtica de privacidad"},"content":{"rendered":"\t\t<div data-elementor-type=\"wp-page\" data-elementor-id=\"4112\" class=\"elementor elementor-4112 elementor-3\">\n\t\t\t\t\t\t<section class=\"elementor-section elementor-top-section elementor-element elementor-element-0834a2f elementor-section-boxed elementor-section-height-default elementor-section-height-default\" data-id=\"0834a2f\" data-element_type=\"section\">\n\t\t\t\t\t\t<div class=\"elementor-container elementor-column-gap-default\">\n\t\t\t\t\t<div class=\"elementor-column elementor-col-100 elementor-top-column elementor-element elementor-element-2ea3e46\" data-id=\"2ea3e46\" data-element_type=\"column\">\n\t\t\t<div class=\"elementor-widget-wrap elementor-element-populated\">\n\t\t\t\t\t\t<div class=\"elementor-element elementor-element-e33954c elementor-widget elementor-widget-text-editor\" data-id=\"e33954c\" data-element_type=\"widget\" data-widget_type=\"text-editor.default\">\n\t\t\t\t<div class=\"elementor-widget-container\">\n\t\t\t\t\t\t\t<h1>INFORMACI\u00d3N DE PRIVACIDAD DEL SITIO WEB<\/h1>\n<p>La presente informaci\u00f3n se proporciona a los usuarios que acceden y utilizan este sitio web de la empresa <strong>TERMOFRIGO S.p.A<\/strong>. de conformidad con y para los efectos del Decreto Legislativo. 196\/2003 \u201cC\u00f3digo en materia de protecci\u00f3n de datos personales\u201d y sus modificaciones y de los art\u00edculos 13 &#8211; 14 del Reglamento UE 2016\/679 \u201cReglamento Europeo sobre la protecci\u00f3n de datos personales\u201d para informarles sobre los elementos esenciales de los tratamientos realizados. <\/p>\n<h2>Responsable del tratamiento<\/h2>\n<p>El Responsable del tratamiento es la empresa <span style=\"text-decoration: underline;\">TERMOFRIGO S.p.A., con sede legal y operativa en Pero (MI), Via Antonio Gramsci 15, en la persona del Representante Legal pro tempore.<\/span><\/p>\n<h2>Responsables y Encargados del tratamiento<\/h2>\n<p>La lista actualizada de los responsables y los encargados del tratamiento de los datos se encuentra custodiada en la sede del Responsable del tratamiento.<\/p>\n<h3>TIPO DE DATOS RECOPILADOS<\/h3>\n<ul>\n<li>nombre, apellido, raz\u00f3n social, n\u00famero de tel\u00e9fono, direcci\u00f3n de correo electr\u00f3nico, direcci\u00f3n de residencia\/domicilio, en las solicitudes de contacto por parte del interesado<\/li>\n<li>datos de navegaci\u00f3n adquiridos por los sistemas inform\u00e1ticos y procedimientos de software destinados al funcionamiento del sitio web (por ejemplo, direcciones IP, nombre de dominio del ordenador&#8230;);<\/li>\n<li>cookies.<\/li>\n<\/ul>\n<h3>FUENTE DE LOS DATOS<\/h3>\n<ul>\n<li>Los datos tratados por el responsable del tratamiento se obtienen mediante el llenado por parte del interesado de campos espec\u00edficos en el sitio web, o autom\u00e1ticamente mediante el acceso y uso del sitio web por parte del usuario.<\/li>\n<\/ul>\n<h3>FINALIDAD DEL TRATAMIENTO <\/h3>\n<ol>\n<li>verificar la identidad del sujeto que solicita informaci\u00f3n, presupuestos, entrega de productos y prestaci\u00f3n de servicios, as\u00ed como para realizar la asistencia necesaria;<\/li>\n<li>transmitir informaci\u00f3n solicitada expl\u00edcitamente por el interesado;<\/li>\n<li>procesar pedidos o proporcionar los servicios solicitados por el interesado o por un sujeto autorizado por \u00e9l. <br \/>(suministro del servicio)<\/li>\n<li>enviar cualquier comunicaci\u00f3n de marketing, promociones, publicidad, encuestas de mercado relacionadas con los productos comercializados o los servicios prestados (marketing), previo consentimiento del interesado;<\/li>\n<li>enviar cualquier comunicaci\u00f3n de marketing, promociones y publicidad por correo electr\u00f3nico sobre productos y servicios similares a los solicitados por el interesado o por un representante autorizado por \u00e9l (soft spam), previo consentimiento del interesado; <\/li>\n<li>crear un perfil mediante el uso de cookies de perfilado, cuando sean aceptados. <br \/>(perfilado);<\/li>\n<li> cumplir con las obligaciones legales (cumplimiento normativo)<\/li>\n<li>proteger los intereses de la empresa, tanto legalmente en forma extrajudicial como judicial<\/li>\n<li>prevenir o detectar cualquier abuso en el uso del sitio o cualquier actividad fraudulenta.<\/li>\n<\/ol>\n<h3>BASE JUR\u00cdDICA<\/h3>\n<p>Los datos personales se recogen y tratan respetando los principios de correcci\u00f3n, legalidad, transparencia, minimizaci\u00f3n de datos y protecci\u00f3n de la privacidad. <br \/>El tratamiento de datos encuentra sus bases jur\u00eddicas respectivamente:<\/p>\n<ul>\n<li>en el caso de datos enviados voluntariamente a las direcciones de correo indicadas en el sitio, al proporcionar una respuesta o proporcionar el servicio expresamente solicitado (art\u00edculo 6, p\u00e1rrafo 1, letra&#8230;  <br \/>b) del GDPR). La provisi\u00f3n de datos personales para estos fines es opcional, pero la falta de provisi\u00f3n podr\u00eda resultar en la imposibilidad de activar los servicios proporcionados; <\/li>\n<li>en el caso de los datos de navegaci\u00f3n y las cookies, al cumplir con obligaciones legales y perseguir el inter\u00e9s leg\u00edtimo del responsable (art\u00edculo 6, p\u00e1rrafo 1, letras c) y f) del GDPR)<\/li>\n<\/ul>\n<h3>PER\u00cdODO Y LUGAR DE CONSERVACI\u00d3N<\/h3>\n<p>Los datos personales recogidos y tratados por el Responsable ser\u00e1n conservados en pleno cumplimiento de la normativa vigente seg\u00fan se define a continuaci\u00f3n:<\/p>\n<ul>\n<li>suministro de servicios: ser\u00e1n conservados durante el tiempo estrictamente necesario para cumplir con dichos fines y tambi\u00e9n durante un per\u00edodo m\u00e1s largo para proteger los intereses de la empresa, incluso con fines fiscales;<\/li>\n<li>marketing: ser\u00e1n conservados hasta la revocaci\u00f3n del consentimiento;<\/li>\n<li>soft spam: ser\u00e1n conservados hasta que el interesado se oponga al tratamiento mediante el procedimiento indicado en cada correo electr\u00f3nico de soft spam;<\/li>\n<li>cumplimiento normativo: ser\u00e1n conservados durante el periodo definido por la normativa vigente en la materia;<\/li>\n<li>abusos o fraudes: ser\u00e1n conservados durante el tiempo estrictamente necesario para dicho fin y hasta que la empresa est\u00e9 obligada a conservarlos para protegerse legalmente y comunicarlos a las autoridades competentes. <br \/>Los datos actualmente se est\u00e1n tratando y archivando en la sede operativa de la entidad. <br \/>Tambi\u00e9n son tratados en nombre de la entidad por profesionales y\/o empresas encargadas de realizar actividades t\u00e9cnicas, de gesti\u00f3n, desarrollo, administrativas, contables, fiscales, legales, etc. <br \/>La sociedad tambi\u00e9n se reserva el derecho de utilizar servidores, almacenamiento en la nube y otros instrumentos inform\u00e1ticos para la archivaci\u00f3n y gesti\u00f3n de datos personales, ya sean de su propiedad o gestionados por terceros, asegurando que los proveedores de servicios sean seleccionados entre aquellos que proporcionan garant\u00edas adecuadas, seg\u00fan lo dispuesto en el art\u00edculo 46 del Reglamento (UE) 2016\/679, \u00abReglamento Europeo de Protecci\u00f3n de Datos Personales\u00bb <\/li>\n<\/ul>\n<h2>Naturaleza obligatoria o facultativa del tratamiento<\/h2>\n<p>Los datos tratados para los fines mencionados en los puntos 1, 2, 3, 7, 8, 9 del apartado denominado &#8216;Finalidades del tratamiento&#8217; son indispensables para el establecimiento de la relaci\u00f3n contractual (incluida la fase precontractual) y\/o para su ejecuci\u00f3n. <br \/>Los datos tratados para los fines mencionados en los puntos 4 y 6 no derivan de una obligaci\u00f3n y su provisi\u00f3n es opcional, bas\u00e1ndose en el consentimiento del interesado <br \/>Los datos mencionados en el punto 5 no son obligatorios y no requieren consentimiento para su tratamiento, aunque el interesado puede oponerse en cualquier momento. <br \/>La cantidad y adecuaci\u00f3n de los datos proporcionados se evaluar\u00e1 en cada ocasi\u00f3n, con el fin de tomar decisiones consecuentes y evitar el tratamiento de datos que excedan las finalidades perseguidas.<\/p>\n<p><strong>Datos de navegaci\u00f3n &#8211; Archivos de registro:<\/strong> los sistemas inform\u00e1ticos y las aplicaciones dedicadas al funcionamiento del sitio web recopilan, durante su funcionamiento normal, ciertos datos (cuya transmisi\u00f3n es impl\u00edcita en el uso de los protocolos de comunicaci\u00f3n de Internet) no asociados directamente a usuarios identificables. Entre los datos recopilados se incluyen las direcciones IP y los nombres de dominio de los ordenadores utilizados por los usuarios que se conectan al sitio, las direcciones en formato URI (Identificador de Recursos Uniforme) de los recursos solicitados, la hora de la solicitud, el m\u00e9todo utilizado para enviar la solicitud al servidor, el tama\u00f1o del archivo obtenido en respuesta, el c\u00f3digo num\u00e9rico que indica el estado de la respuesta proporcionada por el servidor (\u00e9xito, error, etc.) y otros par\u00e1metros relacionados con el sistema operativo y el entorno inform\u00e1tico utilizado por el usuario. Estos datos se tratan, durante el tiempo estrictamente necesario, con el \u00fanico fin de obtener informaci\u00f3n estad\u00edstica an\u00f3nima sobre el uso del sitio y para verificar su funcionamiento adecuado.   <\/p>\n<p><strong>I dati proporcionados voluntariamente por el usuario <\/strong> &#8211; como el env\u00edo expl\u00edcito y voluntario de correos electr\u00f3nicos a las direcciones indicadas en los diferentes canales de acceso del sitio y el llenado de los \u00abformularios\u00bb espec\u00edficamente preparados &#8211; implican que posteriormente adquirimos la direcci\u00f3n de correo electr\u00f3nico del usuario y otros datos necesarios para responder a las solicitudes y\/o proporcionar el servicio requerido. Informaciones resumidas espec\u00edficas pueden ser mencionadas o mostradas en las p\u00e1ginas del sitio dedicadas a servicios particulares bajo demanda. <\/p>\n<p><strong>Cookies <\/strong> &#8211; En el sitio web no se utilizan t\u00e9cnicas inform\u00e1ticas para la adquisici\u00f3n directa de datos personales identificativos del usuario ni sistemas de seguimiento o perfilado del usuario. Nuestros sistemas inform\u00e1ticos no utilizan ning\u00fan tipo de cookie persistente, sino \u00fanicamente herramientas estad\u00edsticas y cookies t\u00e9cnicos de sesi\u00f3n para la transmisi\u00f3n de informaci\u00f3n personal, que no se conservan despu\u00e9s de finalizar la sesi\u00f3n. Aunque SGI Sistemi Gestione Integrata SRL se esfuerza por implementar todas las medidas t\u00e9cnicas posibles para desactivar o neutralizar todas las cookies de terceros en su sitio web, a veces este tipo de archivos pueden activarse utilizando funciones que permiten al usuario interactuar con las redes sociales, lo que podr\u00eda permitirles rastrear la navegaci\u00f3n. Esto podr\u00eda ocurrir, por ejemplo, mediante las funciones de compartir a trav\u00e9s de Facebook, Linkedin, Twitter y Whatsapp en las p\u00e1ginas de los art\u00edculos, o reproduciendo videoclips de YouTube que est\u00e1n incorporados en nuestro sitio. En este sentido, invitamos al usuario a consultar siempre las pol\u00edticas de privacidad proporcionadas por las respectivas redes sociales sobre el tratamiento de datos personales.    <\/p>\n<h2>Destinatarios de los datos<\/h2>\n<p>Los datos personales tratados por el Responsable no ser\u00e1n difundidos, es decir, no se dar\u00e1n a conocer a sujetos indeterminados en ninguna forma posible, incluida su puesta a disposici\u00f3n o simple consulta. En cambio, podr\u00e1n ser comunicados a los empleados del Responsable y a algunos sujetos externos que colaboran con ellos. Tambi\u00e9n podr\u00e1n ser comunicados, en los l\u00edmites estrictamente necesarios, a los sujetos que, con fines de emisi\u00f3n de pedidos, solicitudes de informaci\u00f3n o presupuestos, deban suministrar bienes y\/o realizar prestaciones o servicios. Por \u00faltimo, podr\u00e1n ser comunicados a los sujetos autorizados a acceder a ellos en virtud de disposiciones legales, reglamentos o normativas comunitarias.    <br \/>En particular, bas\u00e1ndose en los roles y funciones laborales desempe\u00f1adas, algunos empleados han sido autorizados para el tratamiento de datos personales, dentro de los l\u00edmites de sus competencias y de acuerdo con las instrucciones impartidas por el Responsable.<\/p>\n<h2>Transferencia de datos<\/h2>\n<p>El responsable del tratamiento no transfiere datos personales a terceros pa\u00edses u organizaciones internacionales. Sin embargo, se reserva la posibilidad de utilizar servicios en la nube; en ese caso, los proveedores de servicios ser\u00e1n seleccionados entre aquellos que proporcionan garant\u00edas adecuadas, seg\u00fan lo establecido en el art\u00edculo 46 del Reglamento General de Protecci\u00f3n de Datos (GDPR) 679\/16.  <\/p>\n<h2>Derechos del Interesado<\/h2>\n<p>En cualquier momento, el Interesado podr\u00e1 ejercer, conforme al D.Lgs. 196\/2003 y sus modificaciones y los art\u00edculos del 15 al 22 del Reglamento UE 2016\/679, sus derechos dirigi\u00e9ndose a  <br \/>al Titolare, enviando un correo electr\u00f3nico a la direcci\u00f3n <a href=\"mailto:privacy-gdpr@termofrigo.it\">privacy-gdpr@termofrigo.it<\/a><br \/>A modo de ejemplo, tiene el derecho, en cualquier momento, de solicitar, cuando corresponda:<\/p>\n<ol>\n<li>Acceder a sus datos. En cualquier momento, el Interesado puede solicitar y obtener del Responsable del tratamiento informaci\u00f3n sobre los datos personales tratados (incluida la existencia de un tratamiento en curso de los datos personales que le conciernen), adem\u00e1s tiene el derecho de acceder a ellos seg\u00fan lo establecido en el art\u00edculo 15 del Reglamento UE 2016\/679, y obtener una copia, siempre que no se vulneren los derechos y libertades de terceros.  <\/li>\n<li>Verificar y rectificar sus datos. El Interesado tiene el derecho de verificar la exactitud de sus datos personales, obtener su actualizaci\u00f3n, correcci\u00f3n e integraci\u00f3n de los datos personales inexactos que le conciernen, sin demora indebida, seg\u00fan lo establecido en el art\u00edculo 16 del Reglamento UE 2016\/679.  <\/li>\n<li>Obtener la eliminaci\u00f3n (Derecho al olvido). Si se cumplen las condiciones establecidas en el art\u00edculo 17 del Reglamento UE 2016\/679, el Interesado puede solicitar al Responsable del tratamiento la eliminaci\u00f3n de sus datos personales.  <\/li>\n<li>Obtener la limitaci\u00f3n del tratamiento. Cuando se den las condiciones establecidas en el art\u00edculo 18 del Reglamento UE 2016\/679, el Interesado puede solicitar la limitaci\u00f3n del tratamiento de los datos. En este caso, el Responsable del tratamiento no podr\u00e1 tratar los datos para ning\u00fan otro prop\u00f3sito que no sea su conservaci\u00f3n o para \u00abla determinaci\u00f3n, ejercicio o defensa de reclamaciones legales o la protecci\u00f3n de los derechos de otra persona f\u00edsica o jur\u00eddica, o por razones de inter\u00e9s p\u00fablico importante de la Uni\u00f3n Europea o de un Estado miembro\u00bb   <\/li>\n<li>Obtener la portabilidad de los datos. El Interesado tiene derecho a recibir sus datos en un formato estructurado, de uso com\u00fan y lectura mec\u00e1nica, y, cuando t\u00e9cnicamente sea posible, a solicitar y obtener su transferencia a otro responsable del tratamiento sin impedimentos. <\/li>\n<li>Oponerse al tratamiento de datos. Cuando los datos personales se hayan tratado para fines de \u00abejecuci\u00f3n de una tarea realizada en inter\u00e9s p\u00fablico o en el ejercicio de poderes p\u00fablicos conferidos al responsable del tratamiento\u00bb o \u00abcuando el tratamiento sea necesario para los fines de los intereses leg\u00edtimos perseguidos por el responsable del tratamiento o por un tercero, siempre que no prevalezcan los intereses o derechos y libertades fundamentales del interesado que requieran la protecci\u00f3n de datos personales, especialmente si el interesado es un menor\u00bb, el interesado puede oponerse al tratamiento por motivos relacionados con su situaci\u00f3n particular. Adem\u00e1s, el interesado puede oponerse en cualquier momento al tratamiento con fines de marketing directo, sin necesidad de especificar motivos particulares.  <\/li>\n<li>Presentar una queja. Si el Interesado considera que el tratamiento de sus datos personales infringe el Reglamento UE 2016\/679, \u00abtiene derecho a presentar una queja ante una autoridad de control, especialmente en el Estado miembro donde reside habitualmente, trabaja o donde se haya producido la presunta infracci\u00f3n\u00bb. <\/li>\n<li>Oponerse a la toma de decisiones automatizada. El Interesado puede oponerse al tratamiento automatizado completo de sus datos personales, incluida la elaboraci\u00f3n de perfiles, excepto cuando dicho tratamiento sea necesario para la celebraci\u00f3n y\/o ejecuci\u00f3n del contrato, est\u00e9 permitido por la legislaci\u00f3n vigente, o se realice con el consentimiento expl\u00edcito del interesado, quien puede revocarlo en cualquier momento. <\/li>\n<li>Revocar el consentimiento en cualquier momento. El Interesado puede retirar su consentimiento para el tratamiento de datos en cualquier momento. Sin embargo, la revocaci\u00f3n del consentimiento no afectar\u00e1 a la legalidad del tratamiento basado en el consentimiento otorgado antes de dicha revocaci\u00f3n.  <\/li>\n<\/ol>\n<p>No existe un proceso decisional automatizado.<\/p>\n<p>Modifica informativa sulla Privacy <br \/>Il Titolare se reserva el derecho de modificar, actualizar, agregar o eliminar partes de la presente pol\u00edtica de privacidad a su discreci\u00f3n y en cualquier momento, notificando dichos cambios.<\/p>\n<p><em>El responsable del tratamiento<\/em><\/p>\n<p><em>TERMOFRIGO S.p.A. <\/em><\/p>\n\t\t\t\t\t\t<\/div>\n\t\t\t\t<\/div>\n\t\t\t\t\t<\/div>\n\t\t<\/div>\n\t\t\t\t\t<\/div>\n\t\t<\/section>\n\t\t\t\t<\/div>\n\t\t","protected":false},"excerpt":{"rendered":"<p>INFORMACI\u00d3N DE PRIVACIDAD DEL SITIO WEB La presente informaci\u00f3n se proporciona a los usuarios que acceden y utilizan este sitio web de la empresa TERMOFRIGO S.p.A. de conformidad con y para los efectos del Decreto Legislativo. 196\/2003 \u201cC\u00f3digo en materia de protecci\u00f3n de datos personales\u201d y sus modificaciones y de los art\u00edculos 13 &#8211; 14 [&hellip;]<\/p>\n","protected":false},"author":1,"featured_media":0,"parent":0,"menu_order":0,"comment_status":"closed","ping_status":"open","template":"","meta":{"inline_featured_image":false,"footnotes":""},"class_list":["post-4112","page","type-page","status-publish","hentry"],"yoast_head":"<!-- This site is optimized with the Yoast SEO plugin v27.5 - https:\/\/yoast.com\/product\/yoast-seo-wordpress\/ -->\n<title>pol\u00edtica de privacidad - Termofrigo<\/title>\n<meta name=\"robots\" content=\"noindex, nofollow\" \/>\n<meta property=\"og:locale\" content=\"es_ES\" \/>\n<meta property=\"og:type\" content=\"article\" \/>\n<meta property=\"og:title\" content=\"pol\u00edtica de privacidad - Termofrigo\" \/>\n<meta property=\"og:description\" content=\"INFORMACI\u00d3N DE PRIVACIDAD DEL SITIO WEB La presente informaci\u00f3n se proporciona a los usuarios que acceden y utilizan este sitio web de la empresa TERMOFRIGO S.p.A. de conformidad con y para los efectos del Decreto Legislativo. 196\/2003 \u201cC\u00f3digo en materia de protecci\u00f3n de datos personales\u201d y sus modificaciones y de los art\u00edculos 13 &#8211; 14 [&hellip;]\" \/>\n<meta property=\"og:url\" content=\"https:\/\/www.termofrigo.it\/es\/politica-de-privacidad\/\" \/>\n<meta property=\"og:site_name\" content=\"Termofrigo\" \/>\n<meta property=\"article:modified_time\" content=\"2024-06-21T09:30:14+00:00\" \/>\n<meta name=\"twitter:card\" content=\"summary_large_image\" \/>\n<meta name=\"twitter:label1\" content=\"Tiempo de lectura\" \/>\n\t<meta name=\"twitter:data1\" content=\"12 minutos\" \/>\n<script type=\"application\/ld+json\" class=\"yoast-schema-graph\">{\"@context\":\"https:\\\/\\\/schema.org\",\"@graph\":[{\"@type\":\"WebPage\",\"@id\":\"https:\\\/\\\/www.termofrigo.it\\\/es\\\/politica-de-privacidad\\\/\",\"url\":\"https:\\\/\\\/www.termofrigo.it\\\/es\\\/politica-de-privacidad\\\/\",\"name\":\"pol\u00edtica de privacidad - Termofrigo\",\"isPartOf\":{\"@id\":\"https:\\\/\\\/www.termofrigo.it\\\/#website\"},\"datePublished\":\"2021-06-24T12:50:59+00:00\",\"dateModified\":\"2024-06-21T09:30:14+00:00\",\"breadcrumb\":{\"@id\":\"https:\\\/\\\/www.termofrigo.it\\\/es\\\/politica-de-privacidad\\\/#breadcrumb\"},\"inLanguage\":\"es\",\"potentialAction\":[{\"@type\":\"ReadAction\",\"target\":[\"https:\\\/\\\/www.termofrigo.it\\\/es\\\/politica-de-privacidad\\\/\"]}]},{\"@type\":\"BreadcrumbList\",\"@id\":\"https:\\\/\\\/www.termofrigo.it\\\/es\\\/politica-de-privacidad\\\/#breadcrumb\",\"itemListElement\":[{\"@type\":\"ListItem\",\"position\":1,\"name\":\"Home\",\"item\":\"https:\\\/\\\/www.termofrigo.it\\\/es\\\/\"},{\"@type\":\"ListItem\",\"position\":2,\"name\":\"pol\u00edtica de privacidad\"}]},{\"@type\":\"WebSite\",\"@id\":\"https:\\\/\\\/www.termofrigo.it\\\/#website\",\"url\":\"https:\\\/\\\/www.termofrigo.it\\\/\",\"name\":\"Termofrigo\",\"description\":\"Fabbricazione di macchinari industriali\",\"potentialAction\":[{\"@type\":\"SearchAction\",\"target\":{\"@type\":\"EntryPoint\",\"urlTemplate\":\"https:\\\/\\\/www.termofrigo.it\\\/?s={search_term_string}\"},\"query-input\":{\"@type\":\"PropertyValueSpecification\",\"valueRequired\":true,\"valueName\":\"search_term_string\"}}],\"inLanguage\":\"es\"}]}<\/script>\n<!-- \/ Yoast SEO plugin. -->","yoast_head_json":{"title":"pol\u00edtica de privacidad - Termofrigo","robots":{"index":"noindex","follow":"nofollow"},"og_locale":"es_ES","og_type":"article","og_title":"pol\u00edtica de privacidad - Termofrigo","og_description":"INFORMACI\u00d3N DE PRIVACIDAD DEL SITIO WEB La presente informaci\u00f3n se proporciona a los usuarios que acceden y utilizan este sitio web de la empresa TERMOFRIGO S.p.A. de conformidad con y para los efectos del Decreto Legislativo. 196\/2003 \u201cC\u00f3digo en materia de protecci\u00f3n de datos personales\u201d y sus modificaciones y de los art\u00edculos 13 &#8211; 14 [&hellip;]","og_url":"https:\/\/www.termofrigo.it\/es\/politica-de-privacidad\/","og_site_name":"Termofrigo","article_modified_time":"2024-06-21T09:30:14+00:00","twitter_card":"summary_large_image","twitter_misc":{"Tiempo de lectura":"12 minutos"},"schema":{"@context":"https:\/\/schema.org","@graph":[{"@type":"WebPage","@id":"https:\/\/www.termofrigo.it\/es\/politica-de-privacidad\/","url":"https:\/\/www.termofrigo.it\/es\/politica-de-privacidad\/","name":"pol\u00edtica de privacidad - Termofrigo","isPartOf":{"@id":"https:\/\/www.termofrigo.it\/#website"},"datePublished":"2021-06-24T12:50:59+00:00","dateModified":"2024-06-21T09:30:14+00:00","breadcrumb":{"@id":"https:\/\/www.termofrigo.it\/es\/politica-de-privacidad\/#breadcrumb"},"inLanguage":"es","potentialAction":[{"@type":"ReadAction","target":["https:\/\/www.termofrigo.it\/es\/politica-de-privacidad\/"]}]},{"@type":"BreadcrumbList","@id":"https:\/\/www.termofrigo.it\/es\/politica-de-privacidad\/#breadcrumb","itemListElement":[{"@type":"ListItem","position":1,"name":"Home","item":"https:\/\/www.termofrigo.it\/es\/"},{"@type":"ListItem","position":2,"name":"pol\u00edtica de privacidad"}]},{"@type":"WebSite","@id":"https:\/\/www.termofrigo.it\/#website","url":"https:\/\/www.termofrigo.it\/","name":"Termofrigo","description":"Fabbricazione di macchinari industriali","potentialAction":[{"@type":"SearchAction","target":{"@type":"EntryPoint","urlTemplate":"https:\/\/www.termofrigo.it\/?s={search_term_string}"},"query-input":{"@type":"PropertyValueSpecification","valueRequired":true,"valueName":"search_term_string"}}],"inLanguage":"es"}]}},"_links":{"self":[{"href":"https:\/\/www.termofrigo.it\/es\/wp-json\/wp\/v2\/pages\/4112","targetHints":{"allow":["GET"]}}],"collection":[{"href":"https:\/\/www.termofrigo.it\/es\/wp-json\/wp\/v2\/pages"}],"about":[{"href":"https:\/\/www.termofrigo.it\/es\/wp-json\/wp\/v2\/types\/page"}],"author":[{"embeddable":true,"href":"https:\/\/www.termofrigo.it\/es\/wp-json\/wp\/v2\/users\/1"}],"replies":[{"embeddable":true,"href":"https:\/\/www.termofrigo.it\/es\/wp-json\/wp\/v2\/comments?post=4112"}],"version-history":[{"count":1,"href":"https:\/\/www.termofrigo.it\/es\/wp-json\/wp\/v2\/pages\/4112\/revisions"}],"predecessor-version":[{"id":4113,"href":"https:\/\/www.termofrigo.it\/es\/wp-json\/wp\/v2\/pages\/4112\/revisions\/4113"}],"wp:attachment":[{"href":"https:\/\/www.termofrigo.it\/es\/wp-json\/wp\/v2\/media?parent=4112"}],"curies":[{"name":"wp","href":"https:\/\/api.w.org\/{rel}","templated":true}]}}