{"id":4104,"date":"2022-03-28T16:51:26","date_gmt":"2022-03-28T14:51:26","guid":{"rendered":"https:\/\/www.termofrigo.it\/contactenos\/"},"modified":"2024-06-21T10:21:10","modified_gmt":"2024-06-21T08:21:10","slug":"contactenos","status":"publish","type":"page","link":"https:\/\/www.termofrigo.it\/es\/contactenos\/","title":{"rendered":"Cont\u00e1ctenos"},"content":{"rendered":"\t\t<div data-elementor-type=\"wp-page\" data-elementor-id=\"4104\" class=\"elementor elementor-4104 elementor-1586\">\n\t\t\t\t\t\t<section class=\"elementor-section elementor-top-section elementor-element elementor-element-3fd1219 elementor-reverse-mobile sezione-sfondi elementor-section-height-min-height elementor-section-content-middle elementor-section-boxed elementor-section-height-default elementor-section-items-middle\" data-id=\"3fd1219\" data-element_type=\"section\" data-settings=\"{&quot;background_background&quot;:&quot;classic&quot;}\">\n\t\t\t\t\t\t\t<div class=\"elementor-background-overlay\"><\/div>\n\t\t\t\t\t\t\t<div class=\"elementor-container elementor-column-gap-default\">\n\t\t\t\t\t<div class=\"elementor-column elementor-col-100 elementor-top-column elementor-element elementor-element-7637ab1 elementor-invisible\" data-id=\"7637ab1\" data-element_type=\"column\" data-settings=\"{&quot;animation&quot;:&quot;fadeIn&quot;,&quot;animation_delay&quot;:500,&quot;animation_mobile&quot;:&quot;none&quot;}\">\n\t\t\t<div class=\"elementor-widget-wrap elementor-element-populated\">\n\t\t\t\t\t\t<div class=\"elementor-element elementor-element-d929772 elementor-widget elementor-widget-heading\" data-id=\"d929772\" data-element_type=\"widget\" data-widget_type=\"heading.default\">\n\t\t\t\t<div class=\"elementor-widget-container\">\n\t\t\t<h1 class=\"elementor-heading-title elementor-size-default\">Cont\u00e1ctenos<\/h1>\t\t<\/div>\n\t\t\t\t<\/div>\n\t\t\t\t<div class=\"elementor-element elementor-element-dec252e elementor-widget elementor-widget-text-editor\" data-id=\"dec252e\" data-element_type=\"widget\" data-widget_type=\"text-editor.default\">\n\t\t\t\t<div class=\"elementor-widget-container\">\n\t\t\t\t\t\t\t<p>Cont\u00e1ctanos para recibir informaci\u00f3n sobre dise\u00f1o y construcci\u00f3n de instalaciones.<\/p>\n\t\t\t\t\t\t<\/div>\n\t\t\t\t<\/div>\n\t\t\t\t\t<\/div>\n\t\t<\/div>\n\t\t\t\t\t<\/div>\n\t\t<\/section>\n\t\t\t\t<section class=\"elementor-section elementor-top-section elementor-element elementor-element-fba71ef sezione-padding elementor-section-boxed elementor-section-height-default elementor-section-height-default\" data-id=\"fba71ef\" data-element_type=\"section\" data-settings=\"{&quot;background_background&quot;:&quot;classic&quot;}\">\n\t\t\t\t\t\t<div class=\"elementor-container elementor-column-gap-wider\">\n\t\t\t\t\t<div class=\"elementor-column elementor-col-33 elementor-top-column elementor-element elementor-element-d96a5e1\" data-id=\"d96a5e1\" data-element_type=\"column\">\n\t\t\t<div class=\"elementor-widget-wrap elementor-element-populated\">\n\t\t\t\t\t\t<div class=\"elementor-element elementor-element-612ace8 elementor-widget elementor-widget-heading\" data-id=\"612ace8\" data-element_type=\"widget\" data-widget_type=\"heading.default\">\n\t\t\t\t<div class=\"elementor-widget-container\">\n\t\t\t<h2 class=\"elementor-heading-title elementor-size-default\">Recapta<\/h2>\t\t<\/div>\n\t\t\t\t<\/div>\n\t\t\t\t<div class=\"elementor-element elementor-element-ed82b0a elementor-widget-divider--view-line elementor-widget elementor-widget-divider\" data-id=\"ed82b0a\" data-element_type=\"widget\" data-widget_type=\"divider.default\">\n\t\t\t\t<div class=\"elementor-widget-container\">\n\t\t\t\t\t<div class=\"elementor-divider\">\n\t\t\t<span class=\"elementor-divider-separator\">\n\t\t\t\t\t\t<\/span>\n\t\t<\/div>\n\t\t\t\t<\/div>\n\t\t\t\t<\/div>\n\t\t\t\t<div class=\"elementor-element elementor-element-5379f4d elementor-widget elementor-widget-text-editor\" data-id=\"5379f4d\" data-element_type=\"widget\" data-widget_type=\"text-editor.default\">\n\t\t\t\t<div class=\"elementor-widget-container\">\n\t\t\t\t\t\t\t<p>Via Antonio Gramsci, 15 &#8211; 20016 Pero (MI)<\/p>\n\t\t\t\t\t\t<\/div>\n\t\t\t\t<\/div>\n\t\t\t\t<div class=\"elementor-element elementor-element-6478e81 elementor-widget elementor-widget-text-editor\" data-id=\"6478e81\" data-element_type=\"widget\" data-widget_type=\"text-editor.default\">\n\t\t\t\t<div class=\"elementor-widget-container\">\n\t\t\t\t\t\t\t<p><strong>Tel\u00e9fono<\/strong><br \/><a href=\"tel:+39023395851\">+39 02 3395851<\/a><\/p>\n\t\t\t\t\t\t<\/div>\n\t\t\t\t<\/div>\n\t\t\t\t<div class=\"elementor-element elementor-element-136f52a elementor-widget elementor-widget-text-editor\" data-id=\"136f52a\" data-element_type=\"widget\" data-widget_type=\"text-editor.default\">\n\t\t\t\t<div class=\"elementor-widget-container\">\n\t\t\t\t\t\t\t<p><strong>Email<\/strong><br \/><a href=\"mailto:info@termofrigo.it\">info@termofrigo.it<\/a><\/p>\n\t\t\t\t\t\t<\/div>\n\t\t\t\t<\/div>\n\t\t\t\t\t<\/div>\n\t\t<\/div>\n\t\t\t\t<div class=\"elementor-column elementor-col-66 elementor-top-column elementor-element elementor-element-69d0297\" data-id=\"69d0297\" data-element_type=\"column\">\n\t\t\t<div class=\"elementor-widget-wrap elementor-element-populated\">\n\t\t\t\t\t\t<div class=\"elementor-element elementor-element-dba27a2 elementor-widget elementor-widget-heading\" data-id=\"dba27a2\" data-element_type=\"widget\" data-widget_type=\"heading.default\">\n\t\t\t\t<div class=\"elementor-widget-container\">\n\t\t\t<h2 class=\"elementor-heading-title elementor-size-default\">Formulario de contacto<\/h2>\t\t<\/div>\n\t\t\t\t<\/div>\n\t\t\t\t<div class=\"elementor-element elementor-element-b4da500 elementor-widget-divider--view-line elementor-widget elementor-widget-divider\" data-id=\"b4da500\" data-element_type=\"widget\" data-widget_type=\"divider.default\">\n\t\t\t\t<div class=\"elementor-widget-container\">\n\t\t\t\t\t<div class=\"elementor-divider\">\n\t\t\t<span class=\"elementor-divider-separator\">\n\t\t\t\t\t\t<\/span>\n\t\t<\/div>\n\t\t\t\t<\/div>\n\t\t\t\t<\/div>\n\t\t\t\t<div class=\"elementor-element elementor-element-c290531 elementor-button-align-stretch elementor-widget elementor-widget-form\" data-id=\"c290531\" data-element_type=\"widget\" data-settings=\"{&quot;step_next_label&quot;:&quot;Despu\\u00e9s de usted&quot;,&quot;step_previous_label&quot;:&quot;Hacia atr\\u00e1s&quot;,&quot;button_width&quot;:&quot;100&quot;,&quot;step_type&quot;:&quot;number_text&quot;,&quot;step_icon_shape&quot;:&quot;circle&quot;}\" data-widget_type=\"form.default\">\n\t\t\t\t<div class=\"elementor-widget-container\">\n\t\t\t\t\t<form class=\"elementor-form\" method=\"post\" name=\"Nuevo formulario\">\n\t\t\t<input type=\"hidden\" name=\"post_id\" value=\"4104\"\/>\n\t\t\t<input type=\"hidden\" name=\"form_id\" value=\"c290531\"\/>\n\t\t\t<input type=\"hidden\" name=\"referer_title\" value=\"Termofrigo\" \/>\n\n\t\t\t\n\t\t\t<div class=\"elementor-form-fields-wrapper elementor-labels-above\">\n\t\t\t\t\t\t\t\t<div class=\"elementor-field-type-text elementor-field-group elementor-column elementor-field-group-name elementor-col-100 elementor-field-required elementor-mark-required\">\n\t\t\t\t\t\t\t\t\t\t\t\t<label for=\"form-field-name\" class=\"elementor-field-label\">\n\t\t\t\t\t\t\t\tNombre\t\t\t\t\t\t\t<\/label>\n\t\t\t\t\t\t\t\t\t\t\t\t\t\t<input size=\"1\" type=\"text\" name=\"form_fields[name]\" id=\"form-field-name\" class=\"elementor-field elementor-size-sm  elementor-field-textual\" placeholder=\"Mario\" required=\"required\" aria-required=\"true\">\n\t\t\t\t\t\t\t\t\t\t\t<\/div>\n\t\t\t\t\t\t\t\t<div class=\"elementor-field-type-email elementor-field-group elementor-column elementor-field-group-email elementor-col-100 elementor-field-required elementor-mark-required\">\n\t\t\t\t\t\t\t\t\t\t\t\t<label for=\"form-field-email\" class=\"elementor-field-label\">\n\t\t\t\t\t\t\t\tEmail\t\t\t\t\t\t\t<\/label>\n\t\t\t\t\t\t\t\t\t\t\t\t\t\t<input size=\"1\" type=\"email\" name=\"form_fields[email]\" id=\"form-field-email\" class=\"elementor-field elementor-size-sm  elementor-field-textual\" placeholder=\"mario.rossi@test.com\" required=\"required\" aria-required=\"true\">\n\t\t\t\t\t\t\t\t\t\t\t<\/div>\n\t\t\t\t\t\t\t\t<div class=\"elementor-field-type-tel elementor-field-group elementor-column elementor-field-group-field_034d102 elementor-col-100 elementor-field-required elementor-mark-required\">\n\t\t\t\t\t\t\t\t\t\t\t\t<label for=\"form-field-field_034d102\" class=\"elementor-field-label\">\n\t\t\t\t\t\t\t\tTel\u00e8fono\t\t\t\t\t\t\t<\/label>\n\t\t\t\t\t\t\t\t<input size=\"1\" type=\"tel\" name=\"form_fields[field_034d102]\" id=\"form-field-field_034d102\" class=\"elementor-field elementor-size-sm  elementor-field-textual\" placeholder=\"00 1234 456\" required=\"required\" aria-required=\"true\" pattern=\"[0-9()#&amp;+*-=.]+\" title=\"Solo se aceptan n\u00fameros y caracteres de tel\u00e9fono (#,-,*,etc).\">\n\n\t\t\t\t\t\t<\/div>\n\t\t\t\t\t\t\t\t<div class=\"elementor-field-type-textarea elementor-field-group elementor-column elementor-field-group-message elementor-col-100\">\n\t\t\t\t\t\t\t\t\t\t\t\t<label for=\"form-field-message\" class=\"elementor-field-label\">\n\t\t\t\t\t\t\t\tMensaje\t\t\t\t\t\t\t<\/label>\n\t\t\t\t\t\t<textarea class=\"elementor-field-textual elementor-field  elementor-size-sm\" name=\"form_fields[message]\" id=\"form-field-message\" rows=\"4\" placeholder=\"Mensaje\"><\/textarea>\t\t\t\t<\/div>\n\t\t\t\t\t\t\t\t<div class=\"elementor-field-type-acceptance elementor-field-group elementor-column elementor-field-group-field_7f2ec32 elementor-col-100 elementor-field-required elementor-mark-required\">\n\t\t\t\t\t\t\t\t\t\t\t\t<label for=\"form-field-field_7f2ec32\" class=\"elementor-field-label\">\n\t\t\t\t\t\t\t\t<strong>Consentimiento al tratamiento de datos personales<\/strong>\t\t\t\t\t\t\t<\/label>\n\t\t\t\t\t\t\t\t<div class=\"elementor-field-subgroup\">\n\t\t\t<span class=\"elementor-field-option\">\n\t\t\t\t<input type=\"checkbox\" name=\"form_fields[field_7f2ec32]\" id=\"form-field-field_7f2ec32\" class=\"elementor-field elementor-size-sm  elementor-acceptance-field\" required=\"required\" aria-required=\"true\">\n\t\t\t\t<label for=\"form-field-field_7f2ec32\">Estimados Se\u00f1ores de Termofrigo S.p.A., Despu\u00e9s de haber le\u00eddo atentamente la <a href=\"https:\/\/www.termofrigo.it\/privacy-policy\/\" target=\"balnk\">pol\u00edtica de privacidad<\/a> y haber comprendido las caracter\u00edsticas del tratamiento de mis datos personales que llevar\u00e1n a cabo, les otorgo mi consentimiento libre, espec\u00edfico, informado e inequ\u00edvoco para el tratamiento de dichos datos personales con las finalidades indicadas en la mencionada pol\u00edtica, es decir, para ser contactado con el fin de recibir m\u00e1s informaci\u00f3n sobre sus servicios.<\/label>\t\t\t<\/span>\n\t\t<\/div>\n\t\t\t\t\t\t<\/div>\n\t\t\t\t\t\t\t\t<div class=\"elementor-field-type-recaptcha elementor-field-group elementor-column elementor-field-group-field_f78295c elementor-col-100\">\n\t\t\t\t\t<div class=\"elementor-field\" id=\"form-field-field_f78295c\"><div class=\"elementor-g-recaptcha\" data-sitekey=\"6Lfwv-QfAAAAAH0A4bSsN6aEEP8juK6Iw4KJihiJ\" data-type=\"v2_checkbox\" data-theme=\"light\" data-size=\"normal\"><\/div><\/div>\t\t\t\t<\/div>\n\t\t\t\t\t\t\t\t<div class=\"elementor-field-group elementor-column elementor-field-type-submit elementor-col-100 e-form__buttons\">\n\t\t\t\t\t<button type=\"submit\" class=\"elementor-button elementor-size-sm\">\n\t\t\t\t\t\t<span >\n\t\t\t\t\t\t\t\t\t\t\t\t\t\t\t<span class=\" elementor-button-icon\">\n\t\t\t\t\t\t\t\t\t\t\t\t\t\t\t\t\t\t\t\t\t\t\t\t\t\t<\/span>\n\t\t\t\t\t\t\t\t\t\t\t\t\t\t\t\t\t\t\t\t\t\t<span class=\"elementor-button-text\">Env\u00eda el mensaje<\/span>\n\t\t\t\t\t\t\t\t\t\t\t\t\t<\/span>\n\t\t\t\t\t<\/button>\n\t\t\t\t<\/div>\n\t\t\t<\/div>\n\t\t<\/form>\n\t\t\t\t<\/div>\n\t\t\t\t<\/div>\n\t\t\t\t\t<\/div>\n\t\t<\/div>\n\t\t\t\t\t<\/div>\n\t\t<\/section>\n\t\t\t\t<section class=\"elementor-section elementor-top-section elementor-element elementor-element-24cb8e8 elementor-section-full_width sezione-mappa elementor-section-height-default elementor-section-height-default\" data-id=\"24cb8e8\" data-element_type=\"section\">\n\t\t\t\t\t\t<div class=\"elementor-container elementor-column-gap-default\">\n\t\t\t\t\t<div class=\"elementor-column elementor-col-100 elementor-top-column elementor-element elementor-element-7b1887b\" data-id=\"7b1887b\" data-element_type=\"column\">\n\t\t\t<div class=\"elementor-widget-wrap elementor-element-populated\">\n\t\t\t\t\t\t<div class=\"elementor-element elementor-element-446ff03 elementor-widget elementor-widget-text-editor\" data-id=\"446ff03\" data-element_type=\"widget\" data-widget_type=\"text-editor.default\">\n\t\t\t\t<div class=\"elementor-widget-container\">\n\t\t\t\t\t\t\t<p><iframe src=\"https:\/\/www.google.com\/maps\/embed?pb=!1m18!1m12!1m3!1d2796.011628441754!2d9.090280215820652!3d45.50984453841716!2m3!1f0!2f0!3f0!3m2!1i1024!2i768!4f13.1!3m3!1m2!1s0x4786ea8f69dc7afb%3A0x7ef7ffbd325a6664!2sTermofrigo%20Srl!5e0!3m2!1sit!2sit!4v1648479705296!5m2!1sit!2sit\" width=\"100%\" height=\"450\" style=\"border:0;\" allowfullscreen=\"\" loading=\"lazy\" referrerpolicy=\"no-referrer-when-downgrade\"><\/iframe><\/p>\n\t\t\t\t\t\t<\/div>\n\t\t\t\t<\/div>\n\t\t\t\t\t<\/div>\n\t\t<\/div>\n\t\t\t\t\t<\/div>\n\t\t<\/section>\n\t\t\t\t<\/div>\n\t\t","protected":false},"excerpt":{"rendered":"<p>Cont\u00e1ctenos Cont\u00e1ctanos para recibir informaci\u00f3n sobre dise\u00f1o y construcci\u00f3n de instalaciones. Recapta Via Antonio Gramsci, 15 &#8211; 20016 Pero (MI) Tel\u00e9fono+39 02 3395851 Emailinfo@termofrigo.it Formulario de contacto<\/p>\n","protected":false},"author":1,"featured_media":0,"parent":0,"menu_order":0,"comment_status":"closed","ping_status":"closed","template":"","meta":{"inline_featured_image":false,"footnotes":""},"class_list":["post-4104","page","type-page","status-publish","hentry"],"yoast_head":"<!-- This site is optimized with the Yoast SEO plugin v27.5 - https:\/\/yoast.com\/product\/yoast-seo-wordpress\/ -->\n<title>Cont\u00e1ctenos - Termofrigo<\/title>\n<meta name=\"robots\" content=\"index, follow, max-snippet:-1, max-image-preview:large, max-video-preview:-1\" \/>\n<link rel=\"canonical\" href=\"https:\/\/www.termofrigo.it\/es\/contactenos\/\" \/>\n<meta property=\"og:locale\" content=\"es_ES\" \/>\n<meta property=\"og:type\" content=\"article\" \/>\n<meta property=\"og:title\" content=\"Cont\u00e1ctenos - Termofrigo\" \/>\n<meta property=\"og:description\" content=\"Cont\u00e1ctenos Cont\u00e1ctanos para recibir informaci\u00f3n sobre dise\u00f1o y construcci\u00f3n de instalaciones. Recapta Via Antonio Gramsci, 15 &#8211; 20016 Pero (MI) Tel\u00e9fono+39 02 3395851 Emailinfo@termofrigo.it Formulario de contacto\" \/>\n<meta property=\"og:url\" content=\"https:\/\/www.termofrigo.it\/es\/contactenos\/\" \/>\n<meta property=\"og:site_name\" content=\"Termofrigo\" \/>\n<meta property=\"article:modified_time\" content=\"2024-06-21T08:21:10+00:00\" \/>\n<meta name=\"twitter:card\" content=\"summary_large_image\" \/>\n<script type=\"application\/ld+json\" class=\"yoast-schema-graph\">{\"@context\":\"https:\\\/\\\/schema.org\",\"@graph\":[{\"@type\":\"WebPage\",\"@id\":\"https:\\\/\\\/www.termofrigo.it\\\/es\\\/contactenos\\\/\",\"url\":\"https:\\\/\\\/www.termofrigo.it\\\/es\\\/contactenos\\\/\",\"name\":\"Cont\u00e1ctenos - Termofrigo\",\"isPartOf\":{\"@id\":\"https:\\\/\\\/www.termofrigo.it\\\/#website\"},\"datePublished\":\"2022-03-28T14:51:26+00:00\",\"dateModified\":\"2024-06-21T08:21:10+00:00\",\"breadcrumb\":{\"@id\":\"https:\\\/\\\/www.termofrigo.it\\\/es\\\/contactenos\\\/#breadcrumb\"},\"inLanguage\":\"es\",\"potentialAction\":[{\"@type\":\"ReadAction\",\"target\":[\"https:\\\/\\\/www.termofrigo.it\\\/es\\\/contactenos\\\/\"]}]},{\"@type\":\"BreadcrumbList\",\"@id\":\"https:\\\/\\\/www.termofrigo.it\\\/es\\\/contactenos\\\/#breadcrumb\",\"itemListElement\":[{\"@type\":\"ListItem\",\"position\":1,\"name\":\"Home\",\"item\":\"https:\\\/\\\/www.termofrigo.it\\\/es\\\/\"},{\"@type\":\"ListItem\",\"position\":2,\"name\":\"Cont\u00e1ctenos\"}]},{\"@type\":\"WebSite\",\"@id\":\"https:\\\/\\\/www.termofrigo.it\\\/#website\",\"url\":\"https:\\\/\\\/www.termofrigo.it\\\/\",\"name\":\"Termofrigo\",\"description\":\"Fabbricazione di macchinari industriali\",\"potentialAction\":[{\"@type\":\"SearchAction\",\"target\":{\"@type\":\"EntryPoint\",\"urlTemplate\":\"https:\\\/\\\/www.termofrigo.it\\\/?s={search_term_string}\"},\"query-input\":{\"@type\":\"PropertyValueSpecification\",\"valueRequired\":true,\"valueName\":\"search_term_string\"}}],\"inLanguage\":\"es\"}]}<\/script>\n<!-- \/ Yoast SEO plugin. -->","yoast_head_json":{"title":"Cont\u00e1ctenos - Termofrigo","robots":{"index":"index","follow":"follow","max-snippet":"max-snippet:-1","max-image-preview":"max-image-preview:large","max-video-preview":"max-video-preview:-1"},"canonical":"https:\/\/www.termofrigo.it\/es\/contactenos\/","og_locale":"es_ES","og_type":"article","og_title":"Cont\u00e1ctenos - Termofrigo","og_description":"Cont\u00e1ctenos Cont\u00e1ctanos para recibir informaci\u00f3n sobre dise\u00f1o y construcci\u00f3n de instalaciones. Recapta Via Antonio Gramsci, 15 &#8211; 20016 Pero (MI) Tel\u00e9fono+39 02 3395851 Emailinfo@termofrigo.it Formulario de contacto","og_url":"https:\/\/www.termofrigo.it\/es\/contactenos\/","og_site_name":"Termofrigo","article_modified_time":"2024-06-21T08:21:10+00:00","twitter_card":"summary_large_image","schema":{"@context":"https:\/\/schema.org","@graph":[{"@type":"WebPage","@id":"https:\/\/www.termofrigo.it\/es\/contactenos\/","url":"https:\/\/www.termofrigo.it\/es\/contactenos\/","name":"Cont\u00e1ctenos - Termofrigo","isPartOf":{"@id":"https:\/\/www.termofrigo.it\/#website"},"datePublished":"2022-03-28T14:51:26+00:00","dateModified":"2024-06-21T08:21:10+00:00","breadcrumb":{"@id":"https:\/\/www.termofrigo.it\/es\/contactenos\/#breadcrumb"},"inLanguage":"es","potentialAction":[{"@type":"ReadAction","target":["https:\/\/www.termofrigo.it\/es\/contactenos\/"]}]},{"@type":"BreadcrumbList","@id":"https:\/\/www.termofrigo.it\/es\/contactenos\/#breadcrumb","itemListElement":[{"@type":"ListItem","position":1,"name":"Home","item":"https:\/\/www.termofrigo.it\/es\/"},{"@type":"ListItem","position":2,"name":"Cont\u00e1ctenos"}]},{"@type":"WebSite","@id":"https:\/\/www.termofrigo.it\/#website","url":"https:\/\/www.termofrigo.it\/","name":"Termofrigo","description":"Fabbricazione di macchinari industriali","potentialAction":[{"@type":"SearchAction","target":{"@type":"EntryPoint","urlTemplate":"https:\/\/www.termofrigo.it\/?s={search_term_string}"},"query-input":{"@type":"PropertyValueSpecification","valueRequired":true,"valueName":"search_term_string"}}],"inLanguage":"es"}]}},"_links":{"self":[{"href":"https:\/\/www.termofrigo.it\/es\/wp-json\/wp\/v2\/pages\/4104","targetHints":{"allow":["GET"]}}],"collection":[{"href":"https:\/\/www.termofrigo.it\/es\/wp-json\/wp\/v2\/pages"}],"about":[{"href":"https:\/\/www.termofrigo.it\/es\/wp-json\/wp\/v2\/types\/page"}],"author":[{"embeddable":true,"href":"https:\/\/www.termofrigo.it\/es\/wp-json\/wp\/v2\/users\/1"}],"replies":[{"embeddable":true,"href":"https:\/\/www.termofrigo.it\/es\/wp-json\/wp\/v2\/comments?post=4104"}],"version-history":[{"count":3,"href":"https:\/\/www.termofrigo.it\/es\/wp-json\/wp\/v2\/pages\/4104\/revisions"}],"predecessor-version":[{"id":4111,"href":"https:\/\/www.termofrigo.it\/es\/wp-json\/wp\/v2\/pages\/4104\/revisions\/4111"}],"wp:attachment":[{"href":"https:\/\/www.termofrigo.it\/es\/wp-json\/wp\/v2\/media?parent=4104"}],"curies":[{"name":"wp","href":"https:\/\/api.w.org\/{rel}","templated":true}]}}